{"id":5835,"date":"2016-11-22T16:46:44","date_gmt":"2016-11-22T15:46:44","guid":{"rendered":"http:\/\/www.mi-noi.be\/club-libertin\/?page_id=5835"},"modified":"2025-03-24T15:51:39","modified_gmt":"2025-03-24T14:51:39","slug":"newsletter","status":"publish","type":"page","link":"https:\/\/www.mi-noi.be\/club-libertin\/newsletter\/","title":{"rendered":"Newsletter"},"content":{"rendered":"<section class=\"l-section wpb_row height_full valign_center with_img with_overlay\"><div class=\"l-section-img\" style=\"background-image: url(https:\/\/www.mi-noi.be\/club-libertin\/wp-content\/uploads\/2015\/04\/background.jpg);background-repeat: no-repeat;\" data-img-width=\"1440\" data-img-height=\"960\"><\/div><div class=\"l-section-overlay\" style=\"background: rgba(0,0,0,0.68)\"><\/div><div class=\"l-section-h i-cf\"><div class=\"g-cols vc_row type_default valign_top\"><div class=\"vc_col-sm-12 wpb_column vc_column_container\"><div class=\"vc_column-inner\"><div class=\"wpb_wrapper\"><div class=\"wpb_text_column\" ><div class=\"wpb_wrapper\"><h2 style=\"text-align: center;\"><strong><span class=\"titre\">INSCRIVEZ-VOUS A LA NEWSLETTER<\/span> <\/strong><\/h2>\n<\/div><\/div><div class=\"w-separator us_custom_6df4bc3a size_medium has_text_color with_line width_30 thick_1 style_solid color_border align_center with_content\"><div class=\"w-separator-h\"><i class=\"far fa-envelope\"><\/i><\/div><\/div><div class=\"w-image align_center\"><div class=\"w-image-h\"><img width=\"728\" height=\"1024\" src=\"https:\/\/www.mi-noi.be\/club-libertin\/wp-content\/uploads\/2019\/04\/Chic_Magazine-5_FR_46-728x1024.jpg\" class=\"attachment-large size-large\" alt=\"\" loading=\"lazy\" srcset=\"https:\/\/www.mi-noi.be\/club-libertin\/wp-content\/uploads\/2019\/04\/Chic_Magazine-5_FR_46-728x1024.jpg 728w, https:\/\/www.mi-noi.be\/club-libertin\/wp-content\/uploads\/2019\/04\/Chic_Magazine-5_FR_46-213x300.jpg 213w, https:\/\/www.mi-noi.be\/club-libertin\/wp-content\/uploads\/2019\/04\/Chic_Magazine-5_FR_46-600x844.jpg 600w, https:\/\/www.mi-noi.be\/club-libertin\/wp-content\/uploads\/2019\/04\/Chic_Magazine-5_FR_46-768x1080.jpg 768w, https:\/\/www.mi-noi.be\/club-libertin\/wp-content\/uploads\/2019\/04\/Chic_Magazine-5_FR_46-427x600.jpg 427w\" sizes=\"(max-width: 728px) 100vw, 728px\" \/><\/div><\/div><div class=\"g-cols wpb_row  type_boxes valign_middle vc_inner\"><div class=\"vc_col-sm-12 wpb_column vc_column_container\"><div class=\"vc_column-inner\"><div class=\"wpb_wrapper\"><div class=\"wpb_text_column\" ><div class=\"wpb_wrapper\"><p style=\"text-align: center;\">\n\t\t\t<form id=\"sib_signup_form_1\" method=\"post\" class=\"sib_signup_form\">\n\t\t\t\t<div class=\"sib_loader\" style=\"display:none;\"><img\n\t\t\t\t\t\t\tsrc=\"https:\/\/www.mi-noi.be\/club-libertin\/wp-includes\/images\/spinner.gif\" alt=\"loader\"><\/div>\n\t\t\t\t<input type=\"hidden\" name=\"sib_form_action\" value=\"subscribe_form_submit\">\n\t\t\t\t<input type=\"hidden\" name=\"sib_form_id\" value=\"1\">\n                <input type=\"hidden\" name=\"sib_form_alert_notice\" value=\"\">\n                <input type=\"hidden\" name=\"sib_form_invalid_email_notice\" value=\"Cette adresse email n&#039;est pas valide\">\n                <input type=\"hidden\" name=\"sib_security\" value=\"4f1224819a\">\n\t\t\t\t<div class=\"sib_signup_box_inside_1\">\n\t\t\t\t\t<div style=\"\/*display:none*\/\" class=\"sib_msg_disp\">\n\t\t\t\t\t<\/div>\n                    \t\t\t\t\t<p class=\"sib-email-area\">\r\n    <label class=\"sib-email-area\">Newsletter : *<\/label>\r\n    <input type=\"email\" class=\"sib-email-area\" name=\"email\" required=\"required\">\r\n<\/p>\r\n<p>\r\n    <input type=\"submit\" class=\"sib-default-btn\" value=\"S'inscrire\">\r\n<\/p>\t\t\t\t<\/div>\n\t\t\t<\/form>\n\t\t\t<style>\n\t\t\t\tform#sib_signup_form_1 p.sib-alert-message {\n    padding: 6px 12px;\n    margin-bottom: 20px;\n    border: 1px solid transparent;\n    border-radius: 4px;\n    -webkit-box-sizing: border-box;\n    -moz-box-sizing: border-box;\n    box-sizing: border-box;\n}\nform#sib_signup_form_1 p.sib-alert-message-error {\n    background-color: #f2dede;\n    border-color: #ebccd1;\n    color: #a94442;\n}\nform#sib_signup_form_1 p.sib-alert-message-success {\n    background-color: #dff0d8;\n    border-color: #d6e9c6;\n    color: #3c763d;\n}\nform#sib_signup_form_1 p.sib-alert-message-warning {\n    background-color: #fcf8e3;\n    border-color: #faebcc;\n    color: #8a6d3b;\n}\n\t\t\t<\/style>\n\t\t\t<\/p>\n<\/div><\/div><\/div><\/div><\/div><\/div><div class=\"wpb_text_column\" ><div class=\"wpb_wrapper\"><p style=\"text-align: center;\"><strong>For your eyes only!<\/strong><br \/>\nRecevoir de chaudes nouvelles en toute discr\u00e9tion\u00a0? <br class=\"autobr\" \/>Cr\u00e9ez vite un mail box \u00e0 part via\u00a0<a class=\"spip_url spip_out auto\" href=\"http:\/\/www.gmail.com\/\" rel=\"nofollow external\">www.gmail.com<\/a><\/p>\n<\/div><\/div><\/div><\/div><\/div><\/div><\/div><\/section><section class=\"l-section wpb_row height_medium\"><div class=\"l-section-h i-cf\"><div class=\"g-cols vc_row type_default valign_top\"><div class=\"vc_col-sm-12 wpb_column vc_column_container\"><div class=\"vc_column-inner\"><div class=\"wpb_wrapper\"><\/div><\/div><\/div><\/div><\/div><\/section>\n","protected":false},"excerpt":{"rendered":"INSCRIVEZ-VOUS A LA NEWSLETTER Newsletter : * For your eyes only! Recevoir de chaudes nouvelles en toute discr\u00e9tion\u00a0? Cr\u00e9ez vite un mail box \u00e0 part via\u00a0www.gmail.com","protected":false},"author":2,"featured_media":0,"parent":0,"menu_order":0,"comment_status":"closed","ping_status":"closed","template":"","meta":[],"yoast_head":"<!-- This site is optimized with the Yoast SEO plugin v20.6 - https:\/\/yoast.com\/wordpress\/plugins\/seo\/ -->\n<title>Newsletter - Mi-noi<\/title>\n<meta name=\"description\" content=\"Formulaire de contact du Mi-noi, le club libertin belge et fran\u00e7ais ouvert 7 j 7. Inscription \u00e0 la newsletter pour de chaudes nouvelles en toute discr\u00e9tion.\" \/>\n<meta name=\"robots\" content=\"index, follow, max-snippet:-1, max-image-preview:large, max-video-preview:-1\" \/>\n<link rel=\"canonical\" href=\"https:\/\/www.mi-noi.be\/club-libertin\/newsletter\/\" \/>\n<meta property=\"og:locale\" content=\"fr_FR\" \/>\n<meta property=\"og:type\" content=\"article\" \/>\n<meta property=\"og:title\" content=\"Newsletter - Mi-noi\" \/>\n<meta property=\"og:description\" content=\"Formulaire de contact du Mi-noi, le club libertin belge et fran\u00e7ais ouvert 7 j 7. Inscription \u00e0 la newsletter pour de chaudes nouvelles en toute discr\u00e9tion.\" \/>\n<meta property=\"og:url\" content=\"https:\/\/www.mi-noi.be\/club-libertin\/newsletter\/\" \/>\n<meta property=\"og:site_name\" content=\"Mi-noi\" \/>\n<meta property=\"article:modified_time\" content=\"2025-03-24T14:51:39+00:00\" \/>\n<meta name=\"twitter:card\" content=\"summary_large_image\" \/>\n<meta name=\"twitter:label1\" content=\"Dur\u00e9e de lecture estim\u00e9e\" \/>\n\t<meta name=\"twitter:data1\" content=\"1 minute\" \/>\n<script type=\"application\/ld+json\" class=\"yoast-schema-graph\">{\"@context\":\"https:\/\/schema.org\",\"@graph\":[{\"@type\":\"WebPage\",\"@id\":\"https:\/\/www.mi-noi.be\/club-libertin\/newsletter\/\",\"url\":\"https:\/\/www.mi-noi.be\/club-libertin\/newsletter\/\",\"name\":\"Newsletter - Mi-noi\",\"isPartOf\":{\"@id\":\"https:\/\/www.mi-noi.be\/club-libertin\/#website\"},\"datePublished\":\"2016-11-22T15:46:44+00:00\",\"dateModified\":\"2025-03-24T14:51:39+00:00\",\"description\":\"Formulaire de contact du Mi-noi, le club libertin belge et fran\u00e7ais ouvert 7 j 7. Inscription \u00e0 la newsletter pour de chaudes nouvelles en toute discr\u00e9tion.\",\"breadcrumb\":{\"@id\":\"https:\/\/www.mi-noi.be\/club-libertin\/newsletter\/#breadcrumb\"},\"inLanguage\":\"fr-FR\",\"potentialAction\":[{\"@type\":\"ReadAction\",\"target\":[\"https:\/\/www.mi-noi.be\/club-libertin\/newsletter\/\"]}]},{\"@type\":\"BreadcrumbList\",\"@id\":\"https:\/\/www.mi-noi.be\/club-libertin\/newsletter\/#breadcrumb\",\"itemListElement\":[{\"@type\":\"ListItem\",\"position\":1,\"name\":\"Accueil\",\"item\":\"https:\/\/www.mi-noi.be\/club-libertin\/\"},{\"@type\":\"ListItem\",\"position\":2,\"name\":\"Newsletter\"}]},{\"@type\":\"WebSite\",\"@id\":\"https:\/\/www.mi-noi.be\/club-libertin\/#website\",\"url\":\"https:\/\/www.mi-noi.be\/club-libertin\/\",\"name\":\"Mi-noi\",\"description\":\"Le club libertin\",\"potentialAction\":[{\"@type\":\"SearchAction\",\"target\":{\"@type\":\"EntryPoint\",\"urlTemplate\":\"https:\/\/www.mi-noi.be\/club-libertin\/?s={search_term_string}\"},\"query-input\":\"required name=search_term_string\"}],\"inLanguage\":\"fr-FR\"}]}<\/script>\n<!-- \/ Yoast SEO plugin. -->","yoast_head_json":{"title":"Newsletter - Mi-noi","description":"Formulaire de contact du Mi-noi, le club libertin belge et fran\u00e7ais ouvert 7 j 7. Inscription \u00e0 la newsletter pour de chaudes nouvelles en toute discr\u00e9tion.","robots":{"index":"index","follow":"follow","max-snippet":"max-snippet:-1","max-image-preview":"max-image-preview:large","max-video-preview":"max-video-preview:-1"},"canonical":"https:\/\/www.mi-noi.be\/club-libertin\/newsletter\/","og_locale":"fr_FR","og_type":"article","og_title":"Newsletter - Mi-noi","og_description":"Formulaire de contact du Mi-noi, le club libertin belge et fran\u00e7ais ouvert 7 j 7. Inscription \u00e0 la newsletter pour de chaudes nouvelles en toute discr\u00e9tion.","og_url":"https:\/\/www.mi-noi.be\/club-libertin\/newsletter\/","og_site_name":"Mi-noi","article_modified_time":"2025-03-24T14:51:39+00:00","twitter_card":"summary_large_image","twitter_misc":{"Dur\u00e9e de lecture estim\u00e9e":"1 minute"},"schema":{"@context":"https:\/\/schema.org","@graph":[{"@type":"WebPage","@id":"https:\/\/www.mi-noi.be\/club-libertin\/newsletter\/","url":"https:\/\/www.mi-noi.be\/club-libertin\/newsletter\/","name":"Newsletter - Mi-noi","isPartOf":{"@id":"https:\/\/www.mi-noi.be\/club-libertin\/#website"},"datePublished":"2016-11-22T15:46:44+00:00","dateModified":"2025-03-24T14:51:39+00:00","description":"Formulaire de contact du Mi-noi, le club libertin belge et fran\u00e7ais ouvert 7 j 7. Inscription \u00e0 la newsletter pour de chaudes nouvelles en toute discr\u00e9tion.","breadcrumb":{"@id":"https:\/\/www.mi-noi.be\/club-libertin\/newsletter\/#breadcrumb"},"inLanguage":"fr-FR","potentialAction":[{"@type":"ReadAction","target":["https:\/\/www.mi-noi.be\/club-libertin\/newsletter\/"]}]},{"@type":"BreadcrumbList","@id":"https:\/\/www.mi-noi.be\/club-libertin\/newsletter\/#breadcrumb","itemListElement":[{"@type":"ListItem","position":1,"name":"Accueil","item":"https:\/\/www.mi-noi.be\/club-libertin\/"},{"@type":"ListItem","position":2,"name":"Newsletter"}]},{"@type":"WebSite","@id":"https:\/\/www.mi-noi.be\/club-libertin\/#website","url":"https:\/\/www.mi-noi.be\/club-libertin\/","name":"Mi-noi","description":"Le club libertin","potentialAction":[{"@type":"SearchAction","target":{"@type":"EntryPoint","urlTemplate":"https:\/\/www.mi-noi.be\/club-libertin\/?s={search_term_string}"},"query-input":"required name=search_term_string"}],"inLanguage":"fr-FR"}]}},"_links":{"self":[{"href":"https:\/\/www.mi-noi.be\/club-libertin\/wp-json\/wp\/v2\/pages\/5835"}],"collection":[{"href":"https:\/\/www.mi-noi.be\/club-libertin\/wp-json\/wp\/v2\/pages"}],"about":[{"href":"https:\/\/www.mi-noi.be\/club-libertin\/wp-json\/wp\/v2\/types\/page"}],"author":[{"embeddable":true,"href":"https:\/\/www.mi-noi.be\/club-libertin\/wp-json\/wp\/v2\/users\/2"}],"replies":[{"embeddable":true,"href":"https:\/\/www.mi-noi.be\/club-libertin\/wp-json\/wp\/v2\/comments?post=5835"}],"version-history":[{"count":17,"href":"https:\/\/www.mi-noi.be\/club-libertin\/wp-json\/wp\/v2\/pages\/5835\/revisions"}],"predecessor-version":[{"id":13023,"href":"https:\/\/www.mi-noi.be\/club-libertin\/wp-json\/wp\/v2\/pages\/5835\/revisions\/13023"}],"wp:attachment":[{"href":"https:\/\/www.mi-noi.be\/club-libertin\/wp-json\/wp\/v2\/media?parent=5835"}],"curies":[{"name":"wp","href":"https:\/\/api.w.org\/{rel}","templated":true}]}}