{"id":5695,"date":"2016-11-21T17:31:38","date_gmt":"2016-11-21T16:31:38","guid":{"rendered":"http:\/\/www.mi-noi.be\/club-libertin\/?page_id=5695"},"modified":"2020-11-11T10:18:41","modified_gmt":"2020-11-11T09:18:41","slug":"lundis-mercedis-au-mi-noi","status":"publish","type":"page","link":"https:\/\/www.mi-noi.be\/club-libertin\/lundis-mercedis-au-mi-noi\/","title":{"rendered":"Lundis &#038; Mercredis"},"content":{"rendered":"<section class=\"l-section wpb_row height_full valign_center color_custom with_img\" id=\"mercredihiver\"><div class=\"l-section-img\" style=\"background-image: url(https:\/\/www.mi-noi.be\/club-libertin\/wp-content\/uploads\/2015\/04\/background-minoi.png);background-size: auto;\" data-img-width=\"460\" data-img-height=\"460\"><\/div><div class=\"l-section-h i-cf\"><div class=\"g-cols vc_row type_default valign_middle\"><div class=\"vc_col-sm-12 wpb_column vc_column_container has_text_color align_center\"><div class=\"vc_column-inner us_custom_6df4bc3a\"><div class=\"wpb_wrapper\"><div class=\"w-separator size_large\"><\/div><div class=\"wpb_text_column\" ><div class=\"wpb_wrapper\"><h2 style=\"text-align: center;\"><strong>LUNDIS &amp; MERCREDIS<\/strong><\/h2>\n<\/div><\/div><div class=\"w-separator size_small with_line width_30 thick_1 style_double color_primary align_center with_content\"><div class=\"w-separator-h\"><i class=\"far fa-heart\"><\/i><\/div><\/div><div id=\"ult-carousel-76221691569d64f579819d\" class=\"ult-carousel-wrapper   ult_horizontal\" data-gutter=\"0\" data-rtl=\"false\" ><div class=\"ult-carousel-159554520569d64f5798042 \" ><div class=\"ult-item-wrap\" data-animation=\"animated fadeIn\"><div class=\"w-image align_none\"><div class=\"w-image-h\"><img width=\"1024\" height=\"1024\" src=\"https:\/\/www.mi-noi.be\/club-libertin\/wp-content\/uploads\/2019\/04\/minoihappyhour-1024x1024.jpg\" class=\"attachment-large size-large\" alt=\"\" loading=\"lazy\" srcset=\"https:\/\/www.mi-noi.be\/club-libertin\/wp-content\/uploads\/2019\/04\/minoihappyhour-1024x1024.jpg 1024w, https:\/\/www.mi-noi.be\/club-libertin\/wp-content\/uploads\/2019\/04\/minoihappyhour-150x150.jpg 150w, https:\/\/www.mi-noi.be\/club-libertin\/wp-content\/uploads\/2019\/04\/minoihappyhour-300x300.jpg 300w, https:\/\/www.mi-noi.be\/club-libertin\/wp-content\/uploads\/2019\/04\/minoihappyhour-350x350.jpg 350w, https:\/\/www.mi-noi.be\/club-libertin\/wp-content\/uploads\/2019\/04\/minoihappyhour-600x600.jpg 600w, https:\/\/www.mi-noi.be\/club-libertin\/wp-content\/uploads\/2019\/04\/minoihappyhour-768x768.jpg 768w, https:\/\/www.mi-noi.be\/club-libertin\/wp-content\/uploads\/2019\/04\/minoihappyhour.jpg 1200w\" sizes=\"(max-width: 1024px) 100vw, 1024px\" \/><\/div><\/div><\/div><\/div><\/div>\t\t\t<script type=\"text\/javascript\">\r\n\t\t\t\tjQuery(document).ready(function ($) {\r\n\t\t\t\t\tif( typeof jQuery('.ult-carousel-159554520569d64f5798042').slick == \"function\"){\r\n\t\t\t\t\t\t$('.ult-carousel-159554520569d64f5798042').slick({dots: false,autoplay: true,autoplaySpeed: 2000,speed: 800,infinite: true,arrows: true,nextArrow: '<button type=\"button\" role=\"button\" aria-label=\"Next\" style=\"color:#ffffff; font-size:50px;background:rgba(0,0,0,0.01);\" class=\"slick-next circle-bg\"><i class=\"ultsl-arrow-right6\"><\/i><\/button>',prevArrow: '<button type=\"button\" role=\"button\" aria-label=\"Previous\" style=\"color:#ffffff; font-size:50px;background:rgba(0,0,0,0.01);\" class=\"slick-prev circle-bg\"><i class=\"ultsl-arrow-left6\"><\/i><\/button>',slidesToScroll:1,slidesToShow:1,swipe: true,draggable: true,touchMove: true,pauseOnHover: true,pauseOnFocus: false,adaptiveHeight: true,responsive: [\r\n\t\t\t\t\t\t\t{\r\n\t\t\t\t\t\t\t  breakpoint: 1026,\r\n\t\t\t\t\t\t\t  settings: {\r\n\t\t\t\t\t\t\t\tslidesToShow: 1,\r\n\t\t\t\t\t\t\t\tslidesToScroll: 1,  \r\n\t\t\t\t\t\t\t  }\r\n\t\t\t\t\t\t\t},\r\n\t\t\t\t\t\t\t{\r\n\t\t\t\t\t\t\t  breakpoint: 1025,\r\n\t\t\t\t\t\t\t  settings: {\r\n\t\t\t\t\t\t\t\tslidesToShow: 1,\r\n\t\t\t\t\t\t\t\tslidesToScroll: 1\r\n\t\t\t\t\t\t\t  }\r\n\t\t\t\t\t\t\t},\r\n\t\t\t\t\t\t\t{\r\n\t\t\t\t\t\t\t  breakpoint: 760,\r\n\t\t\t\t\t\t\t  settings: {\r\n\t\t\t\t\t\t\t\tslidesToShow: 1,\r\n\t\t\t\t\t\t\t\tslidesToScroll: 1\r\n\t\t\t\t\t\t\t  }\r\n\t\t\t\t\t\t\t}\r\n\t\t\t\t\t\t],pauseOnDotsHover: true,customPaging: function(slider, i) {\r\n                   return '<i type=\"button\" style= \"color:#333333;\" class=\"ultsl-record\" data-role=\"none\"><\/i>';\r\n                },});\r\n\t\t\t\t\t}\r\n\t\t\t\t});\r\n\t\t\t<\/script>\r\n\t\t\t<\/div><\/div><\/div><\/div><\/div><\/section>\n","protected":false},"excerpt":{"rendered":"LUNDIS &amp; MERCREDIS","protected":false},"author":2,"featured_media":0,"parent":0,"menu_order":0,"comment_status":"closed","ping_status":"closed","template":"","meta":[],"yoast_head":"<!-- This site is optimized with the Yoast SEO plugin v20.6 - https:\/\/yoast.com\/wordpress\/plugins\/seo\/ -->\n<title>Lundis &amp; Mercredis - Votre club libertin belge et de la france ouvert 7 jours sur 7<\/title>\n<meta name=\"description\" content=\"Le Mi-noi, le club belge et fran\u00e7ais ouvert 7 jours sur 7. Libertines, libertins, d\u00e9couvrez jours \u00e0 th\u00e8mes du Mi-noi.\" \/>\n<meta name=\"robots\" content=\"index, follow, max-snippet:-1, max-image-preview:large, max-video-preview:-1\" \/>\n<link rel=\"canonical\" href=\"https:\/\/www.mi-noi.be\/club-libertin\/lundis-mercedis-au-mi-noi\/\" \/>\n<meta property=\"og:locale\" content=\"fr_FR\" \/>\n<meta property=\"og:type\" content=\"article\" \/>\n<meta property=\"og:title\" content=\"Lundis &amp; Mercredis - Votre club libertin belge et de la france ouvert 7 jours sur 7\" \/>\n<meta property=\"og:description\" content=\"Le Mi-noi, le club belge et fran\u00e7ais ouvert 7 jours sur 7. Libertines, libertins, d\u00e9couvrez jours \u00e0 th\u00e8mes du Mi-noi.\" \/>\n<meta property=\"og:url\" content=\"https:\/\/www.mi-noi.be\/club-libertin\/lundis-mercedis-au-mi-noi\/\" \/>\n<meta property=\"og:site_name\" content=\"Mi-noi\" \/>\n<meta property=\"article:modified_time\" content=\"2020-11-11T09:18:41+00:00\" \/>\n<meta name=\"twitter:card\" content=\"summary_large_image\" \/>\n<meta name=\"twitter:label1\" content=\"Dur\u00e9e de lecture estim\u00e9e\" \/>\n\t<meta name=\"twitter:data1\" content=\"1 minute\" \/>\n<script type=\"application\/ld+json\" class=\"yoast-schema-graph\">{\"@context\":\"https:\/\/schema.org\",\"@graph\":[{\"@type\":\"WebPage\",\"@id\":\"https:\/\/www.mi-noi.be\/club-libertin\/lundis-mercedis-au-mi-noi\/\",\"url\":\"https:\/\/www.mi-noi.be\/club-libertin\/lundis-mercedis-au-mi-noi\/\",\"name\":\"Lundis & Mercredis - Votre club libertin belge et de la france ouvert 7 jours sur 7\",\"isPartOf\":{\"@id\":\"https:\/\/www.mi-noi.be\/club-libertin\/#website\"},\"datePublished\":\"2016-11-21T16:31:38+00:00\",\"dateModified\":\"2020-11-11T09:18:41+00:00\",\"description\":\"Le Mi-noi, le club belge et fran\u00e7ais ouvert 7 jours sur 7. Libertines, libertins, d\u00e9couvrez jours \u00e0 th\u00e8mes du Mi-noi.\",\"breadcrumb\":{\"@id\":\"https:\/\/www.mi-noi.be\/club-libertin\/lundis-mercedis-au-mi-noi\/#breadcrumb\"},\"inLanguage\":\"fr-FR\",\"potentialAction\":[{\"@type\":\"ReadAction\",\"target\":[\"https:\/\/www.mi-noi.be\/club-libertin\/lundis-mercedis-au-mi-noi\/\"]}]},{\"@type\":\"BreadcrumbList\",\"@id\":\"https:\/\/www.mi-noi.be\/club-libertin\/lundis-mercedis-au-mi-noi\/#breadcrumb\",\"itemListElement\":[{\"@type\":\"ListItem\",\"position\":1,\"name\":\"Accueil\",\"item\":\"https:\/\/www.mi-noi.be\/club-libertin\/\"},{\"@type\":\"ListItem\",\"position\":2,\"name\":\"Lundis &#038; Mercredis\"}]},{\"@type\":\"WebSite\",\"@id\":\"https:\/\/www.mi-noi.be\/club-libertin\/#website\",\"url\":\"https:\/\/www.mi-noi.be\/club-libertin\/\",\"name\":\"Mi-noi\",\"description\":\"Le club libertin\",\"potentialAction\":[{\"@type\":\"SearchAction\",\"target\":{\"@type\":\"EntryPoint\",\"urlTemplate\":\"https:\/\/www.mi-noi.be\/club-libertin\/?s={search_term_string}\"},\"query-input\":\"required name=search_term_string\"}],\"inLanguage\":\"fr-FR\"}]}<\/script>\n<!-- \/ Yoast SEO plugin. -->","yoast_head_json":{"title":"Lundis & Mercredis - Votre club libertin belge et de la france ouvert 7 jours sur 7","description":"Le Mi-noi, le club belge et fran\u00e7ais ouvert 7 jours sur 7. Libertines, libertins, d\u00e9couvrez jours \u00e0 th\u00e8mes du Mi-noi.","robots":{"index":"index","follow":"follow","max-snippet":"max-snippet:-1","max-image-preview":"max-image-preview:large","max-video-preview":"max-video-preview:-1"},"canonical":"https:\/\/www.mi-noi.be\/club-libertin\/lundis-mercedis-au-mi-noi\/","og_locale":"fr_FR","og_type":"article","og_title":"Lundis & Mercredis - Votre club libertin belge et de la france ouvert 7 jours sur 7","og_description":"Le Mi-noi, le club belge et fran\u00e7ais ouvert 7 jours sur 7. Libertines, libertins, d\u00e9couvrez jours \u00e0 th\u00e8mes du Mi-noi.","og_url":"https:\/\/www.mi-noi.be\/club-libertin\/lundis-mercedis-au-mi-noi\/","og_site_name":"Mi-noi","article_modified_time":"2020-11-11T09:18:41+00:00","twitter_card":"summary_large_image","twitter_misc":{"Dur\u00e9e de lecture estim\u00e9e":"1 minute"},"schema":{"@context":"https:\/\/schema.org","@graph":[{"@type":"WebPage","@id":"https:\/\/www.mi-noi.be\/club-libertin\/lundis-mercedis-au-mi-noi\/","url":"https:\/\/www.mi-noi.be\/club-libertin\/lundis-mercedis-au-mi-noi\/","name":"Lundis & Mercredis - Votre club libertin belge et de la france ouvert 7 jours sur 7","isPartOf":{"@id":"https:\/\/www.mi-noi.be\/club-libertin\/#website"},"datePublished":"2016-11-21T16:31:38+00:00","dateModified":"2020-11-11T09:18:41+00:00","description":"Le Mi-noi, le club belge et fran\u00e7ais ouvert 7 jours sur 7. Libertines, libertins, d\u00e9couvrez jours \u00e0 th\u00e8mes du Mi-noi.","breadcrumb":{"@id":"https:\/\/www.mi-noi.be\/club-libertin\/lundis-mercedis-au-mi-noi\/#breadcrumb"},"inLanguage":"fr-FR","potentialAction":[{"@type":"ReadAction","target":["https:\/\/www.mi-noi.be\/club-libertin\/lundis-mercedis-au-mi-noi\/"]}]},{"@type":"BreadcrumbList","@id":"https:\/\/www.mi-noi.be\/club-libertin\/lundis-mercedis-au-mi-noi\/#breadcrumb","itemListElement":[{"@type":"ListItem","position":1,"name":"Accueil","item":"https:\/\/www.mi-noi.be\/club-libertin\/"},{"@type":"ListItem","position":2,"name":"Lundis &#038; Mercredis"}]},{"@type":"WebSite","@id":"https:\/\/www.mi-noi.be\/club-libertin\/#website","url":"https:\/\/www.mi-noi.be\/club-libertin\/","name":"Mi-noi","description":"Le club libertin","potentialAction":[{"@type":"SearchAction","target":{"@type":"EntryPoint","urlTemplate":"https:\/\/www.mi-noi.be\/club-libertin\/?s={search_term_string}"},"query-input":"required name=search_term_string"}],"inLanguage":"fr-FR"}]}},"_links":{"self":[{"href":"https:\/\/www.mi-noi.be\/club-libertin\/wp-json\/wp\/v2\/pages\/5695"}],"collection":[{"href":"https:\/\/www.mi-noi.be\/club-libertin\/wp-json\/wp\/v2\/pages"}],"about":[{"href":"https:\/\/www.mi-noi.be\/club-libertin\/wp-json\/wp\/v2\/types\/page"}],"author":[{"embeddable":true,"href":"https:\/\/www.mi-noi.be\/club-libertin\/wp-json\/wp\/v2\/users\/2"}],"replies":[{"embeddable":true,"href":"https:\/\/www.mi-noi.be\/club-libertin\/wp-json\/wp\/v2\/comments?post=5695"}],"version-history":[{"count":19,"href":"https:\/\/www.mi-noi.be\/club-libertin\/wp-json\/wp\/v2\/pages\/5695\/revisions"}],"predecessor-version":[{"id":10493,"href":"https:\/\/www.mi-noi.be\/club-libertin\/wp-json\/wp\/v2\/pages\/5695\/revisions\/10493"}],"wp:attachment":[{"href":"https:\/\/www.mi-noi.be\/club-libertin\/wp-json\/wp\/v2\/media?parent=5695"}],"curies":[{"name":"wp","href":"https:\/\/api.w.org\/{rel}","templated":true}]}}