{"id":5603,"date":"2016-11-21T15:45:34","date_gmt":"2016-11-21T14:45:34","guid":{"rendered":"http:\/\/www.mi-noi.be\/club-libertin\/?page_id=5603"},"modified":"2020-11-11T10:17:33","modified_gmt":"2020-11-11T09:17:33","slug":"dress-code-mi-noi","status":"publish","type":"page","link":"https:\/\/www.mi-noi.be\/club-libertin\/dress-code-mi-noi\/","title":{"rendered":"Dress code Mi-noi"},"content":{"rendered":"<section class=\"l-section wpb_row height_medium full_height valign_center color_primary with_img parallax_ver\" id=\"dresscode\"><div class=\"l-section-img\" role=\"img\" aria-label=\"Mi-noi\" data-img-width=\"2000\" data-img-height=\"2000\" style=\"background-image: url(https:\/\/www.mi-noi.be\/club-libertin\/wp-content\/uploads\/2015\/04\/minoi-dresscode-bg.jpg);background-repeat: no-repeat;\"><\/div><div class=\"l-section-overlay\" style=\"background:rgba(0,0,0,0.65)\"><\/div><div class=\"l-section-h i-cf\"><div class=\"g-cols vc_row via_flex valign_top type_default stacking_default\"><div class=\"vc_col-sm-12 wpb_column vc_column_container align_center\"><div class=\"vc_column-inner\"><div class=\"wpb_wrapper\"><div class=\"wpb_text_column\"><div class=\"wpb_wrapper\"><h2 style=\"text-align: center;\"><strong>DRESS CODE\u00a0<\/strong><\/h2>\n<\/div><\/div><div class=\"wpb_text_column\"><div class=\"wpb_wrapper\"><h3 style=\"text-align: center;\"><span class=\"pink\"><strong><span style=\"color: #00ccff;\">LA LINGERIE EST LE\u00a0\u00ab\u00a0DRESS CODE\u00a0\u00bb\u00a0POUR TOUS<\/span><br \/>\nL\u2019acc\u00e8s aux vestiaires est obligatoire et ce, d\u00e8s 14h.<br \/>\n<\/strong><\/span><\/h3>\n<\/div><\/div><div class=\"w-separator size_small with_line width_30 thick_1 style_double color_primary align_center with_content\"><div class=\"w-separator-h\"><i class=\"fas fa-exclamation\"><\/i><\/div><\/div><div class=\"g-cols wpb_row via_flex valign_top type_default stacking_default\"><div class=\"vc_col-sm-6 wpb_column vc_column_container\"><div class=\"vc_column-inner\"><div class=\"wpb_wrapper\"><div class=\"w-iconbox iconpos_top style_circle color_custom align_center\"><a href=\"#reglement\" class=\"w-iconbox-link\" aria-label=\"POUR CES DAMES\"><div class=\"w-iconbox-icon\" style=\"font-size:44px;--icon-color:#ffffff;--icon-bg-color:#f2379b;\"><i class=\"fas fa-female\"><\/i><\/div><\/a><div class=\"w-iconbox-meta\"><h4 class=\"w-iconbox-title\"><a href=\"#reglement\" class=\"w-iconbox-link\" aria-label=\"POUR CES DAMES\">POUR CES DAMES<\/a><\/h4><div class=\"w-iconbox-text\"><p>Nous consid\u00e9rons comme lingerie : nuisette courte, sous-v\u00eatements, bikini, par\u00e9o, tenues sp\u00e9cialement con\u00e7ues pour les sorties en club (c.\u00e0.d. que vous ne pourriez pas porter \u00e0 l\u2019ext\u00e9rieur m\u00eame en \u00e9t\u00e9), jupe tr\u00e8s courte tol\u00e9r\u00e9e mais uniquement dans des mati\u00e8res particuli\u00e8res telles que vinyl, cuir, latex.<\/p>\n<\/div><\/div><\/div><\/div><\/div><\/div><div class=\"vc_col-sm-6 wpb_column vc_column_container\"><div class=\"vc_column-inner\"><div class=\"wpb_wrapper\"><div class=\"w-iconbox iconpos_top style_circle color_custom align_center\"><a href=\"#reglement\" class=\"w-iconbox-link\" aria-label=\"POUR CES MESSIEURS\"><div class=\"w-iconbox-icon\" style=\"font-size:44px;--icon-color:#ffffff;--icon-bg-color:#00ccff;\"><i class=\"fas fa-male\"><\/i><\/div><\/a><div class=\"w-iconbox-meta\"><h4 class=\"w-iconbox-title\"><a href=\"#reglement\" class=\"w-iconbox-link\" aria-label=\"POUR CES MESSIEURS\">POUR CES MESSIEURS<\/a><\/h4><div class=\"w-iconbox-text\"><p>Slip, cale\u00e7on, string ou boxer<br \/>\net une chemise ouverte<br \/>\nou un tee-shirt seront tol\u00e9r\u00e9s.<\/p>\n<\/div><\/div><\/div><\/div><\/div><\/div><\/div><div class=\"w-separator size_small with_line width_30 thick_1 style_double color_primary align_center with_content\"><div class=\"w-separator-h\"><i class=\"fas fa-exclamation\"><\/i><\/div><\/div><div class=\"g-cols wpb_row via_flex valign_top type_default stacking_default\"><div class=\"vc_col-sm-4 wpb_column vc_column_container\"><div class=\"vc_column-inner\"><div class=\"wpb_wrapper\"><div class=\"w-iconbox iconpos_top style_circle color_custom align_center icontype_img\"><a href=\"#reglement\" class=\"w-iconbox-link\" aria-label=\"TOUS LES MARDIS\"><div class=\"w-iconbox-icon\" style=\"font-size:44px;--icon-color:#ffffff;--icon-bg-color:#ea1546;\"><img loading=\"lazy\" decoding=\"async\" width=\"256\" height=\"256\" src=\"https:\/\/www.mi-noi.be\/club-libertin\/wp-content\/uploads\/2015\/04\/femme-nu.png\" class=\"attachment-full size-full\" alt=\"Mi-noi\" srcset=\"https:\/\/www.mi-noi.be\/club-libertin\/wp-content\/uploads\/2015\/04\/femme-nu.png 256w, https:\/\/www.mi-noi.be\/club-libertin\/wp-content\/uploads\/2015\/04\/femme-nu-150x150.png 150w\" sizes=\"auto, (max-width: 256px) 100vw, 256px\" \/><\/div><\/a><div class=\"w-iconbox-meta\"><h4 class=\"w-iconbox-title\"><a href=\"#reglement\" class=\"w-iconbox-link\" aria-label=\"TOUS LES MARDIS\">TOUS LES MARDIS<\/a><\/h4><div class=\"w-iconbox-text\"><p>D\u00e8s 19h vous devez \u00eatre totalement nus !<br \/>\nLes serviettes mises \u00e0 votre disposition le sont uniquement par mesure d\u2019hygi\u00e8ne.<\/p>\n<\/div><\/div><\/div><\/div><\/div><\/div><div class=\"vc_col-sm-4 wpb_column vc_column_container\"><div class=\"vc_column-inner\"><div class=\"wpb_wrapper\"><div class=\"w-iconbox iconpos_top style_circle color_custom align_center icontype_img\"><a href=\"#reglement\" class=\"w-iconbox-link\" aria-label=\"TOUS LES SAMEDIS\"><div class=\"w-iconbox-icon\" style=\"font-size:44px;--icon-color:#ffffff;--icon-bg-color:#f97122;\"><img loading=\"lazy\" decoding=\"async\" width=\"256\" height=\"256\" src=\"https:\/\/www.mi-noi.be\/club-libertin\/wp-content\/uploads\/2015\/04\/femme-robe2.png\" class=\"attachment-full size-full\" alt=\"Mi-noi\" srcset=\"https:\/\/www.mi-noi.be\/club-libertin\/wp-content\/uploads\/2015\/04\/femme-robe2.png 256w, https:\/\/www.mi-noi.be\/club-libertin\/wp-content\/uploads\/2015\/04\/femme-robe2-150x150.png 150w\" sizes=\"auto, (max-width: 256px) 100vw, 256px\" \/><\/div><\/a><div class=\"w-iconbox-meta\"><h4 class=\"w-iconbox-title\"><a href=\"#reglement\" class=\"w-iconbox-link\" aria-label=\"TOUS LES SAMEDIS\">TOUS LES SAMEDIS<\/a><\/h4><div class=\"w-iconbox-text\"><p>Vous pouvez rester habill\u00e9s au niveau de la discoth\u00e8que, on demande n\u00e9anmoins une tenue sexy pour les dames (pas de pantalons).<\/p>\n<\/div><\/div><\/div><\/div><\/div><\/div><div class=\"vc_col-sm-4 wpb_column vc_column_container\"><div class=\"vc_column-inner\"><div class=\"wpb_wrapper\"><div class=\"w-iconbox iconpos_top style_circle color_custom align_center icontype_img\"><a href=\"#reglement\" class=\"w-iconbox-link\" aria-label=\"TOUS LES DIMANCHES\"><div class=\"w-iconbox-icon\" style=\"font-size:44px;--icon-color:#ffffff;--icon-bg-color:#f2c821;\"><img loading=\"lazy\" decoding=\"async\" width=\"256\" height=\"256\" src=\"https:\/\/www.mi-noi.be\/club-libertin\/wp-content\/uploads\/2015\/04\/femme-robe1.png\" class=\"attachment-full size-full\" alt=\"Mi-noi\" srcset=\"https:\/\/www.mi-noi.be\/club-libertin\/wp-content\/uploads\/2015\/04\/femme-robe1.png 256w, https:\/\/www.mi-noi.be\/club-libertin\/wp-content\/uploads\/2015\/04\/femme-robe1-150x150.png 150w\" sizes=\"auto, (max-width: 256px) 100vw, 256px\" \/><\/div><\/a><div class=\"w-iconbox-meta\"><h4 class=\"w-iconbox-title\"><a href=\"#reglement\" class=\"w-iconbox-link\" aria-label=\"TOUS LES DIMANCHES\">TOUS LES DIMANCHES<\/a><\/h4><div class=\"w-iconbox-text\"><p>Vestiaire obligatoire d\u00e8s 22h !<br \/>\nAvant 22h, vous pouvez rester habill\u00e9s au niveau de la discoth\u00e8que, on demande n\u00e9anmoins une tenue sexy pour les dames (pas de pantalons).<\/p>\n<\/div><\/div><\/div><\/div><\/div><\/div><\/div><\/div><\/div><\/div><\/div><\/div><\/section>\n","protected":false},"excerpt":{"rendered":"DRESS CODE\u00a0 LA LINGERIE EST LE\u00a0\u00ab\u00a0DRESS CODE\u00a0\u00bb\u00a0POUR TOUS L\u2019acc\u00e8s aux vestiaires est obligatoire et ce, d\u00e8s 14h. POUR CES DAMESNous consid\u00e9rons comme lingerie : nuisette courte, sous-v\u00eatements, bikini, par\u00e9o, tenues sp\u00e9cialement con\u00e7ues pour les sorties en club (c.\u00e0.d. que vous ne pourriez pas porter \u00e0 l\u2019ext\u00e9rieur m\u00eame en \u00e9t\u00e9), jupe tr\u00e8s courte tol\u00e9r\u00e9e mais uniquement...","protected":false},"author":2,"featured_media":0,"parent":0,"menu_order":0,"comment_status":"closed","ping_status":"closed","template":"","meta":{"footnotes":""},"class_list":["post-5603","page","type-page","status-publish","hentry"],"yoast_head":"<!-- This site is optimized with the Yoast SEO plugin v27.6 - https:\/\/yoast.com\/product\/yoast-seo-wordpress\/ -->\n<title>Dress code Mi-noi - Votre club libertin belge et de la france ouvert 7 jours sur 7<\/title>\n<meta name=\"description\" content=\"Le Mi-noi, le club belge et fran\u00e7ais ouvert 7 jours sur 7.Libertines, libertins, le Minoi fe\u0302tera ses 21 ans et ce, gra\u0302ce a\u0300 vous ! Le Manoir est re\u0301nove\u0301.\" \/>\n<meta name=\"robots\" content=\"index, follow, max-snippet:-1, max-image-preview:large, max-video-preview:-1\" \/>\n<link rel=\"canonical\" href=\"https:\/\/www.mi-noi.be\/club-libertin\/dress-code-mi-noi\/\" \/>\n<meta property=\"og:locale\" content=\"fr_FR\" \/>\n<meta property=\"og:type\" content=\"article\" \/>\n<meta property=\"og:title\" content=\"Dress code Mi-noi - Votre club libertin belge et de la france ouvert 7 jours sur 7\" \/>\n<meta property=\"og:description\" content=\"Le Mi-noi, le club belge et fran\u00e7ais ouvert 7 jours sur 7.Libertines, libertins, le Minoi fe\u0302tera ses 21 ans et ce, gra\u0302ce a\u0300 vous ! Le Manoir est re\u0301nove\u0301.\" \/>\n<meta property=\"og:url\" content=\"https:\/\/www.mi-noi.be\/club-libertin\/dress-code-mi-noi\/\" \/>\n<meta property=\"og:site_name\" content=\"Mi-noi\" \/>\n<meta property=\"article:modified_time\" content=\"2020-11-11T09:17:33+00:00\" \/>\n<meta name=\"twitter:card\" content=\"summary_large_image\" \/>\n<meta name=\"twitter:label1\" content=\"Dur\u00e9e de lecture estim\u00e9e\" \/>\n\t<meta name=\"twitter:data1\" content=\"2 minutes\" \/>\n<script type=\"application\/ld+json\" class=\"yoast-schema-graph\">{\"@context\":\"https:\\\/\\\/schema.org\",\"@graph\":[{\"@type\":\"WebPage\",\"@id\":\"https:\\\/\\\/www.mi-noi.be\\\/club-libertin\\\/dress-code-mi-noi\\\/\",\"url\":\"https:\\\/\\\/www.mi-noi.be\\\/club-libertin\\\/dress-code-mi-noi\\\/\",\"name\":\"Dress code Mi-noi - Votre club libertin belge et de la france ouvert 7 jours sur 7\",\"isPartOf\":{\"@id\":\"https:\\\/\\\/www.mi-noi.be\\\/club-libertin\\\/#website\"},\"datePublished\":\"2016-11-21T14:45:34+00:00\",\"dateModified\":\"2020-11-11T09:17:33+00:00\",\"description\":\"Le Mi-noi, le club belge et fran\u00e7ais ouvert 7 jours sur 7.Libertines, libertins, le Minoi fe\u0302tera ses 21 ans et ce, gra\u0302ce a\u0300 vous ! Le Manoir est re\u0301nove\u0301.\",\"breadcrumb\":{\"@id\":\"https:\\\/\\\/www.mi-noi.be\\\/club-libertin\\\/dress-code-mi-noi\\\/#breadcrumb\"},\"inLanguage\":\"fr-FR\",\"potentialAction\":[{\"@type\":\"ReadAction\",\"target\":[\"https:\\\/\\\/www.mi-noi.be\\\/club-libertin\\\/dress-code-mi-noi\\\/\"]}]},{\"@type\":\"BreadcrumbList\",\"@id\":\"https:\\\/\\\/www.mi-noi.be\\\/club-libertin\\\/dress-code-mi-noi\\\/#breadcrumb\",\"itemListElement\":[{\"@type\":\"ListItem\",\"position\":1,\"name\":\"Accueil\",\"item\":\"https:\\\/\\\/www.mi-noi.be\\\/club-libertin\\\/\"},{\"@type\":\"ListItem\",\"position\":2,\"name\":\"Dress code Mi-noi\"}]},{\"@type\":\"WebSite\",\"@id\":\"https:\\\/\\\/www.mi-noi.be\\\/club-libertin\\\/#website\",\"url\":\"https:\\\/\\\/www.mi-noi.be\\\/club-libertin\\\/\",\"name\":\"Mi-no\u00ef\",\"description\":\"Le club libertin\",\"publisher\":{\"@id\":\"https:\\\/\\\/www.mi-noi.be\\\/club-libertin\\\/#organization\"},\"alternateName\":\"Minoi\",\"potentialAction\":[{\"@type\":\"SearchAction\",\"target\":{\"@type\":\"EntryPoint\",\"urlTemplate\":\"https:\\\/\\\/www.mi-noi.be\\\/club-libertin\\\/?s={search_term_string}\"},\"query-input\":{\"@type\":\"PropertyValueSpecification\",\"valueRequired\":true,\"valueName\":\"search_term_string\"}}],\"inLanguage\":\"fr-FR\"},{\"@type\":\"Organization\",\"@id\":\"https:\\\/\\\/www.mi-noi.be\\\/club-libertin\\\/#organization\",\"name\":\"Mi-no\u00ef\",\"alternateName\":\"Minoi\",\"url\":\"https:\\\/\\\/www.mi-noi.be\\\/club-libertin\\\/\",\"logo\":{\"@type\":\"ImageObject\",\"inLanguage\":\"fr-FR\",\"@id\":\"https:\\\/\\\/www.mi-noi.be\\\/club-libertin\\\/#\\\/schema\\\/logo\\\/image\\\/\",\"url\":\"https:\\\/\\\/www.mi-noi.be\\\/club-libertin\\\/wp-content\\\/uploads\\\/2020\\\/06\\\/logo-mi-noi.svg\",\"contentUrl\":\"https:\\\/\\\/www.mi-noi.be\\\/club-libertin\\\/wp-content\\\/uploads\\\/2020\\\/06\\\/logo-mi-noi.svg\",\"width\":\"1024\",\"height\":\"1024\",\"caption\":\"Mi-no\u00ef\"},\"image\":{\"@id\":\"https:\\\/\\\/www.mi-noi.be\\\/club-libertin\\\/#\\\/schema\\\/logo\\\/image\\\/\"}}]}<\/script>\n<!-- \/ Yoast SEO plugin. -->","yoast_head_json":{"title":"Dress code Mi-noi - Votre club libertin belge et de la france ouvert 7 jours sur 7","description":"Le Mi-noi, le club belge et fran\u00e7ais ouvert 7 jours sur 7.Libertines, libertins, le Minoi fe\u0302tera ses 21 ans et ce, gra\u0302ce a\u0300 vous ! Le Manoir est re\u0301nove\u0301.","robots":{"index":"index","follow":"follow","max-snippet":"max-snippet:-1","max-image-preview":"max-image-preview:large","max-video-preview":"max-video-preview:-1"},"canonical":"https:\/\/www.mi-noi.be\/club-libertin\/dress-code-mi-noi\/","og_locale":"fr_FR","og_type":"article","og_title":"Dress code Mi-noi - Votre club libertin belge et de la france ouvert 7 jours sur 7","og_description":"Le Mi-noi, le club belge et fran\u00e7ais ouvert 7 jours sur 7.Libertines, libertins, le Minoi fe\u0302tera ses 21 ans et ce, gra\u0302ce a\u0300 vous ! Le Manoir est re\u0301nove\u0301.","og_url":"https:\/\/www.mi-noi.be\/club-libertin\/dress-code-mi-noi\/","og_site_name":"Mi-noi","article_modified_time":"2020-11-11T09:17:33+00:00","twitter_card":"summary_large_image","twitter_misc":{"Dur\u00e9e de lecture estim\u00e9e":"2 minutes"},"schema":{"@context":"https:\/\/schema.org","@graph":[{"@type":"WebPage","@id":"https:\/\/www.mi-noi.be\/club-libertin\/dress-code-mi-noi\/","url":"https:\/\/www.mi-noi.be\/club-libertin\/dress-code-mi-noi\/","name":"Dress code Mi-noi - Votre club libertin belge et de la france ouvert 7 jours sur 7","isPartOf":{"@id":"https:\/\/www.mi-noi.be\/club-libertin\/#website"},"datePublished":"2016-11-21T14:45:34+00:00","dateModified":"2020-11-11T09:17:33+00:00","description":"Le Mi-noi, le club belge et fran\u00e7ais ouvert 7 jours sur 7.Libertines, libertins, le Minoi fe\u0302tera ses 21 ans et ce, gra\u0302ce a\u0300 vous ! Le Manoir est re\u0301nove\u0301.","breadcrumb":{"@id":"https:\/\/www.mi-noi.be\/club-libertin\/dress-code-mi-noi\/#breadcrumb"},"inLanguage":"fr-FR","potentialAction":[{"@type":"ReadAction","target":["https:\/\/www.mi-noi.be\/club-libertin\/dress-code-mi-noi\/"]}]},{"@type":"BreadcrumbList","@id":"https:\/\/www.mi-noi.be\/club-libertin\/dress-code-mi-noi\/#breadcrumb","itemListElement":[{"@type":"ListItem","position":1,"name":"Accueil","item":"https:\/\/www.mi-noi.be\/club-libertin\/"},{"@type":"ListItem","position":2,"name":"Dress code Mi-noi"}]},{"@type":"WebSite","@id":"https:\/\/www.mi-noi.be\/club-libertin\/#website","url":"https:\/\/www.mi-noi.be\/club-libertin\/","name":"Mi-no\u00ef","description":"Le club libertin","publisher":{"@id":"https:\/\/www.mi-noi.be\/club-libertin\/#organization"},"alternateName":"Minoi","potentialAction":[{"@type":"SearchAction","target":{"@type":"EntryPoint","urlTemplate":"https:\/\/www.mi-noi.be\/club-libertin\/?s={search_term_string}"},"query-input":{"@type":"PropertyValueSpecification","valueRequired":true,"valueName":"search_term_string"}}],"inLanguage":"fr-FR"},{"@type":"Organization","@id":"https:\/\/www.mi-noi.be\/club-libertin\/#organization","name":"Mi-no\u00ef","alternateName":"Minoi","url":"https:\/\/www.mi-noi.be\/club-libertin\/","logo":{"@type":"ImageObject","inLanguage":"fr-FR","@id":"https:\/\/www.mi-noi.be\/club-libertin\/#\/schema\/logo\/image\/","url":"https:\/\/www.mi-noi.be\/club-libertin\/wp-content\/uploads\/2020\/06\/logo-mi-noi.svg","contentUrl":"https:\/\/www.mi-noi.be\/club-libertin\/wp-content\/uploads\/2020\/06\/logo-mi-noi.svg","width":"1024","height":"1024","caption":"Mi-no\u00ef"},"image":{"@id":"https:\/\/www.mi-noi.be\/club-libertin\/#\/schema\/logo\/image\/"}}]}},"_links":{"self":[{"href":"https:\/\/www.mi-noi.be\/club-libertin\/wp-json\/wp\/v2\/pages\/5603","targetHints":{"allow":["GET"]}}],"collection":[{"href":"https:\/\/www.mi-noi.be\/club-libertin\/wp-json\/wp\/v2\/pages"}],"about":[{"href":"https:\/\/www.mi-noi.be\/club-libertin\/wp-json\/wp\/v2\/types\/page"}],"author":[{"embeddable":true,"href":"https:\/\/www.mi-noi.be\/club-libertin\/wp-json\/wp\/v2\/users\/2"}],"replies":[{"embeddable":true,"href":"https:\/\/www.mi-noi.be\/club-libertin\/wp-json\/wp\/v2\/comments?post=5603"}],"version-history":[{"count":5,"href":"https:\/\/www.mi-noi.be\/club-libertin\/wp-json\/wp\/v2\/pages\/5603\/revisions"}],"predecessor-version":[{"id":10453,"href":"https:\/\/www.mi-noi.be\/club-libertin\/wp-json\/wp\/v2\/pages\/5603\/revisions\/10453"}],"wp:attachment":[{"href":"https:\/\/www.mi-noi.be\/club-libertin\/wp-json\/wp\/v2\/media?parent=5603"}],"curies":[{"name":"wp","href":"https:\/\/api.w.org\/{rel}","templated":true}]}}