{"id":5523,"date":"2016-10-24T14:29:10","date_gmt":"2016-10-24T12:29:10","guid":{"rendered":"http:\/\/www.mi-noi.be\/club-libertin\/?page_id=5523"},"modified":"2020-11-11T10:18:37","modified_gmt":"2020-11-11T09:18:37","slug":"reglement-du-club-mi-noi","status":"publish","type":"page","link":"https:\/\/www.mi-noi.be\/club-libertin\/reglement-du-club-mi-noi\/","title":{"rendered":"R\u00e9glement du Club Mi-noi"},"content":{"rendered":"<section class=\"l-section wpb_row height_full valign_center color_primary with_img parallax_ver with_overlay\" id=\"reglement\"><div class=\"l-section-img\" style=\"background-image: url(https:\/\/www.mi-noi.be\/club-libertin\/wp-content\/uploads\/2015\/04\/minoi-reglement-bg.jpg);background-repeat: no-repeat;\" data-img-width=\"2000\" data-img-height=\"1000\"><\/div><div class=\"l-section-overlay\" style=\"background: rgba(26,145,220,0.85)\"><\/div><div class=\"l-section-h i-cf\"><div class=\"g-cols vc_row type_default valign_top\"><div class=\"vc_col-sm-12 wpb_column vc_column_container has_text_color align_center\"><div class=\"vc_column-inner us_custom_4076faf9\"><div class=\"wpb_wrapper\"><div class=\"wpb_text_column\" ><div class=\"wpb_wrapper\"><h2 style=\"text-align: center;\"><span style=\"color: #ffffff;\"><strong><span class=\"titre\">REGLEMENTS DU CLUB<\/span> <\/strong><\/span><\/h2>\n<\/div><\/div><div class=\"w-separator us_custom_6df4bc3a size_medium has_text_color with_line width_30 thick_1 style_solid color_border align_center with_content\"><div class=\"w-separator-h\"><i class=\"fas fa-file-alt\"><\/i><\/div><\/div><div class=\"wpb_text_column\" ><div class=\"wpb_wrapper\"><h5 style=\"text-align: justify;\"><span class=\"red\"><strong>REGLES D\u2019ACCES\u00a0:<\/strong> <\/span><\/h5>\n<p style=\"text-align: justify;\">1. La majorit\u00e9 l\u00e9gale est de 18 ans n\u00e9anmoins nous n\u2019acceptons pas les personnes de moins de 21 ans accomplis. N\u00e9anmoins, en couple et selon notre libre appr\u00e9ciation, les personnes masculines pourront \u00eatre accept\u00e9es d\u00e8s 18 ans ou 21 ans.<br \/>\n2. La carte de membre est obligatoire et annuelle. Elle est \u00e9tablie exclusivement sur pr\u00e9sentation de la pi\u00e8ce d\u2019identit\u00e9. Elle reste un privil\u00e8ge et la direction se r\u00e9serve le droit d\u2019entr\u00e9e.<br \/>\n3. Une tenue correcte est exig\u00e9e.<br \/>\n<strong>4. Toute personne entrant en couple est tenu de sortir en m\u00eame temps que son\/sa compagne, toute sortie est d\u00e9finitive.<\/strong><\/p>\n<\/div><\/div><div class=\"w-separator size_small with_line width_30 thick_1 style_dotted color_primary align_center\"><div class=\"w-separator-h\"><\/div><\/div><div class=\"wpb_text_column\" ><div class=\"wpb_wrapper\"><h5 style=\"text-align: justify;\"><strong><span class=\"red\">REGLEMENT D\u2019ORDRE INTERIEUR\u00a0: <\/span><br \/>\n<\/strong><\/h5>\n<p style=\"text-align: justify;\">1. La r\u00e8gle principale est le RESPECT et ce, \u00e0 tous niveaux (des autres membres, du personnel, des r\u00e8gles \u00e9tablies par le club, \u2026).<br \/>\n2. Du lundi au vendredi, le vestiaire est obligatoire et ce, d\u00e8s 14h. Le dimanche, d\u00e8s 22h. Le \u00ab\u00a0Dress Code\u00a0\u00bb est la lingerie pour tous.<br class=\"autobr\" \/>Tous les mardis, \u00e0 partir de 19h, aucune lingerie n\u2019est tol\u00e9r\u00e9e, le nudisme est obligatoire.<br \/>\n3. Le t\u00e9l\u00e9phone portable et l\u2019appareil photo sont interdits \u00e0 l\u2019int\u00e9rieur de l\u2019\u00e9tablissement\u00a0; en cas d\u2019urgence adressez-vous \u00e0 l\u2019accueil.<br \/>\n4. Toute substance illicite et de quelque nature qu\u2019elle soit, est interdite.<br \/>\n5. Les boissons sont \u00e0 discr\u00e9tion c\u2019est-\u00e0-dire que la direction et son personnel se r\u00e9serve le droit de ne plus vous servir de consommations alcoolis\u00e9es et ce, si elle l\u2019estime n\u00e9cessaire.<br \/>\n6. Vous \u00eates conscient que vous entrez dans un \u00e9tablissement non-fumeur. Pour les fumeurs on a pr\u00e9vu un fumoir. Par mesure de s\u00e9curit\u00e9, il est interdit de prendre des boissons aux \u00e9tages, vestiaires ainsi que sur la piste de danse et le podium.<br \/>\n7. L\u2019acc\u00e8s au sauna et au jacuzzi est soumis aux r\u00e8gles d\u2019hygi\u00e8ne principale\u00a0: prenez une douche avant ET apr\u00e8s et n\u2019ayez pas de relations sexuelles ni d\u2019attouchements pour les m\u00eames raisons dans ces deux lieux.<br \/>\n8. Le club d\u00e9cline toute responsabilit\u00e9 en cas de perte ou de vol, dans l\u2019\u00e9tablissement ou sur le parking du club . De plus, vous \u00eates responsable de votre cl\u00e9 de vestiaire\u00a0; sa perte vous occasionnera des frais d\u2019une valeur de \u20ac 20.<br \/>\n9. La direction se r\u00e9serve le droit d\u2019exclure un membre, quel qu\u2019il soit, en cas de non respect d\u2019une seule de ces r\u00e8gles.<\/p>\n<p style=\"text-align: justify;\"><strong>LA DIRECTION<\/strong><\/p>\n<\/div><\/div><\/div><\/div><\/div><\/div><\/div><\/section>\n","protected":false},"excerpt":{"rendered":"REGLEMENTS DU CLUB REGLES D\u2019ACCES\u00a0: 1. La majorit\u00e9 l\u00e9gale est de 18 ans n\u00e9anmoins nous n\u2019acceptons pas les personnes de moins de 21 ans accomplis. N\u00e9anmoins, en couple et selon notre libre appr\u00e9ciation, les personnes masculines pourront \u00eatre accept\u00e9es d\u00e8s 18 ans ou 21 ans. 2. La carte de membre est obligatoire et annuelle. Elle...","protected":false},"author":2,"featured_media":0,"parent":0,"menu_order":0,"comment_status":"closed","ping_status":"closed","template":"","meta":[],"yoast_head":"<!-- This site is optimized with the Yoast SEO plugin v20.6 - https:\/\/yoast.com\/wordpress\/plugins\/seo\/ -->\n<title>R\u00e9glement du Club Mi-noi - Votre club libertin belge et de la france ouvert 7 jours sur 7<\/title>\n<meta name=\"description\" content=\"Le Mi-noi, le club belge et fran\u00e7ais ouvert 7 jours sur 7.Libertines, libertins, le Minoi fe\u0302tera ses 21 ans et ce, gra\u0302ce a\u0300 vous ! Le Manoir est re\u0301nove\u0301.\" \/>\n<meta name=\"robots\" content=\"index, follow, max-snippet:-1, max-image-preview:large, max-video-preview:-1\" \/>\n<link rel=\"canonical\" href=\"https:\/\/www.mi-noi.be\/club-libertin\/reglement-du-club-mi-noi\/\" \/>\n<meta property=\"og:locale\" content=\"fr_FR\" \/>\n<meta property=\"og:type\" content=\"article\" \/>\n<meta property=\"og:title\" content=\"R\u00e9glement du Club Mi-noi - Votre club libertin belge et de la france ouvert 7 jours sur 7\" \/>\n<meta property=\"og:description\" content=\"Le Mi-noi, le club belge et fran\u00e7ais ouvert 7 jours sur 7.Libertines, libertins, le Minoi fe\u0302tera ses 21 ans et ce, gra\u0302ce a\u0300 vous ! Le Manoir est re\u0301nove\u0301.\" \/>\n<meta property=\"og:url\" content=\"https:\/\/www.mi-noi.be\/club-libertin\/reglement-du-club-mi-noi\/\" \/>\n<meta property=\"og:site_name\" content=\"Mi-noi\" \/>\n<meta property=\"article:modified_time\" content=\"2020-11-11T09:18:37+00:00\" \/>\n<meta name=\"twitter:card\" content=\"summary_large_image\" \/>\n<meta name=\"twitter:label1\" content=\"Dur\u00e9e de lecture estim\u00e9e\" \/>\n\t<meta name=\"twitter:data1\" content=\"3 minutes\" \/>\n<script type=\"application\/ld+json\" class=\"yoast-schema-graph\">{\"@context\":\"https:\/\/schema.org\",\"@graph\":[{\"@type\":\"WebPage\",\"@id\":\"https:\/\/www.mi-noi.be\/club-libertin\/reglement-du-club-mi-noi\/\",\"url\":\"https:\/\/www.mi-noi.be\/club-libertin\/reglement-du-club-mi-noi\/\",\"name\":\"R\u00e9glement du Club Mi-noi - Votre club libertin belge et de la france ouvert 7 jours sur 7\",\"isPartOf\":{\"@id\":\"https:\/\/www.mi-noi.be\/club-libertin\/#website\"},\"datePublished\":\"2016-10-24T12:29:10+00:00\",\"dateModified\":\"2020-11-11T09:18:37+00:00\",\"description\":\"Le Mi-noi, le club belge et fran\u00e7ais ouvert 7 jours sur 7.Libertines, libertins, le Minoi fe\u0302tera ses 21 ans et ce, gra\u0302ce a\u0300 vous ! Le Manoir est re\u0301nove\u0301.\",\"breadcrumb\":{\"@id\":\"https:\/\/www.mi-noi.be\/club-libertin\/reglement-du-club-mi-noi\/#breadcrumb\"},\"inLanguage\":\"fr-FR\",\"potentialAction\":[{\"@type\":\"ReadAction\",\"target\":[\"https:\/\/www.mi-noi.be\/club-libertin\/reglement-du-club-mi-noi\/\"]}]},{\"@type\":\"BreadcrumbList\",\"@id\":\"https:\/\/www.mi-noi.be\/club-libertin\/reglement-du-club-mi-noi\/#breadcrumb\",\"itemListElement\":[{\"@type\":\"ListItem\",\"position\":1,\"name\":\"Accueil\",\"item\":\"https:\/\/www.mi-noi.be\/club-libertin\/\"},{\"@type\":\"ListItem\",\"position\":2,\"name\":\"R\u00e9glement du Club Mi-noi\"}]},{\"@type\":\"WebSite\",\"@id\":\"https:\/\/www.mi-noi.be\/club-libertin\/#website\",\"url\":\"https:\/\/www.mi-noi.be\/club-libertin\/\",\"name\":\"Mi-noi\",\"description\":\"Le club libertin\",\"potentialAction\":[{\"@type\":\"SearchAction\",\"target\":{\"@type\":\"EntryPoint\",\"urlTemplate\":\"https:\/\/www.mi-noi.be\/club-libertin\/?s={search_term_string}\"},\"query-input\":\"required name=search_term_string\"}],\"inLanguage\":\"fr-FR\"}]}<\/script>\n<!-- \/ Yoast SEO plugin. -->","yoast_head_json":{"title":"R\u00e9glement du Club Mi-noi - Votre club libertin belge et de la france ouvert 7 jours sur 7","description":"Le Mi-noi, le club belge et fran\u00e7ais ouvert 7 jours sur 7.Libertines, libertins, le Minoi fe\u0302tera ses 21 ans et ce, gra\u0302ce a\u0300 vous ! Le Manoir est re\u0301nove\u0301.","robots":{"index":"index","follow":"follow","max-snippet":"max-snippet:-1","max-image-preview":"max-image-preview:large","max-video-preview":"max-video-preview:-1"},"canonical":"https:\/\/www.mi-noi.be\/club-libertin\/reglement-du-club-mi-noi\/","og_locale":"fr_FR","og_type":"article","og_title":"R\u00e9glement du Club Mi-noi - Votre club libertin belge et de la france ouvert 7 jours sur 7","og_description":"Le Mi-noi, le club belge et fran\u00e7ais ouvert 7 jours sur 7.Libertines, libertins, le Minoi fe\u0302tera ses 21 ans et ce, gra\u0302ce a\u0300 vous ! Le Manoir est re\u0301nove\u0301.","og_url":"https:\/\/www.mi-noi.be\/club-libertin\/reglement-du-club-mi-noi\/","og_site_name":"Mi-noi","article_modified_time":"2020-11-11T09:18:37+00:00","twitter_card":"summary_large_image","twitter_misc":{"Dur\u00e9e de lecture estim\u00e9e":"3 minutes"},"schema":{"@context":"https:\/\/schema.org","@graph":[{"@type":"WebPage","@id":"https:\/\/www.mi-noi.be\/club-libertin\/reglement-du-club-mi-noi\/","url":"https:\/\/www.mi-noi.be\/club-libertin\/reglement-du-club-mi-noi\/","name":"R\u00e9glement du Club Mi-noi - Votre club libertin belge et de la france ouvert 7 jours sur 7","isPartOf":{"@id":"https:\/\/www.mi-noi.be\/club-libertin\/#website"},"datePublished":"2016-10-24T12:29:10+00:00","dateModified":"2020-11-11T09:18:37+00:00","description":"Le Mi-noi, le club belge et fran\u00e7ais ouvert 7 jours sur 7.Libertines, libertins, le Minoi fe\u0302tera ses 21 ans et ce, gra\u0302ce a\u0300 vous ! Le Manoir est re\u0301nove\u0301.","breadcrumb":{"@id":"https:\/\/www.mi-noi.be\/club-libertin\/reglement-du-club-mi-noi\/#breadcrumb"},"inLanguage":"fr-FR","potentialAction":[{"@type":"ReadAction","target":["https:\/\/www.mi-noi.be\/club-libertin\/reglement-du-club-mi-noi\/"]}]},{"@type":"BreadcrumbList","@id":"https:\/\/www.mi-noi.be\/club-libertin\/reglement-du-club-mi-noi\/#breadcrumb","itemListElement":[{"@type":"ListItem","position":1,"name":"Accueil","item":"https:\/\/www.mi-noi.be\/club-libertin\/"},{"@type":"ListItem","position":2,"name":"R\u00e9glement du Club Mi-noi"}]},{"@type":"WebSite","@id":"https:\/\/www.mi-noi.be\/club-libertin\/#website","url":"https:\/\/www.mi-noi.be\/club-libertin\/","name":"Mi-noi","description":"Le club libertin","potentialAction":[{"@type":"SearchAction","target":{"@type":"EntryPoint","urlTemplate":"https:\/\/www.mi-noi.be\/club-libertin\/?s={search_term_string}"},"query-input":"required name=search_term_string"}],"inLanguage":"fr-FR"}]}},"_links":{"self":[{"href":"https:\/\/www.mi-noi.be\/club-libertin\/wp-json\/wp\/v2\/pages\/5523"}],"collection":[{"href":"https:\/\/www.mi-noi.be\/club-libertin\/wp-json\/wp\/v2\/pages"}],"about":[{"href":"https:\/\/www.mi-noi.be\/club-libertin\/wp-json\/wp\/v2\/types\/page"}],"author":[{"embeddable":true,"href":"https:\/\/www.mi-noi.be\/club-libertin\/wp-json\/wp\/v2\/users\/2"}],"replies":[{"embeddable":true,"href":"https:\/\/www.mi-noi.be\/club-libertin\/wp-json\/wp\/v2\/comments?post=5523"}],"version-history":[{"count":7,"href":"https:\/\/www.mi-noi.be\/club-libertin\/wp-json\/wp\/v2\/pages\/5523\/revisions"}],"predecessor-version":[{"id":10487,"href":"https:\/\/www.mi-noi.be\/club-libertin\/wp-json\/wp\/v2\/pages\/5523\/revisions\/10487"}],"wp:attachment":[{"href":"https:\/\/www.mi-noi.be\/club-libertin\/wp-json\/wp\/v2\/media?parent=5523"}],"curies":[{"name":"wp","href":"https:\/\/api.w.org\/{rel}","templated":true}]}}