{"id":5272,"date":"2016-08-11T15:56:14","date_gmt":"2016-08-11T13:56:14","guid":{"rendered":"http:\/\/www.mi-noi.be\/club-libertin\/?page_id=5272"},"modified":"2026-04-29T18:34:37","modified_gmt":"2026-04-29T16:34:37","slug":"menu-mi-noi-2-2","status":"publish","type":"page","link":"https:\/\/www.mi-noi.be\/club-libertin\/menu-mi-noi-2-2\/","title":{"rendered":"Menu Mi-noi"},"content":{"rendered":"<section class=\"l-section wpb_row us_custom_623ba360 height_medium full_height valign_top with_img parallax_ver\" id=\"avantages\"><div class=\"l-section-img\" role=\"img\" aria-label=\"Mi-noi menu\" data-img-width=\"2000\" data-img-height=\"1292\" style=\"background-image: url(https:\/\/www.mi-noi.be\/club-libertin\/wp-content\/uploads\/2016\/08\/minoi-menu-bg.jpg);background-repeat: no-repeat;\"><\/div><div class=\"l-section-overlay\" style=\"background:rgba(0,0,0,0.65)\"><\/div><div class=\"l-section-h i-cf\"><div class=\"g-cols vc_row via_flex valign_top type_default stacking_default\"><div class=\"vc_col-sm-12 wpb_column vc_column_container align_center\"><div class=\"vc_column-inner\"><div class=\"wpb_wrapper\"><div class=\"wpb_text_column\"><div class=\"wpb_wrapper\"><h2 style=\"text-align: center;\"><strong>MENU DU WEEK-END AU MI-NOI<\/strong><\/h2>\n<\/div><\/div><div class=\"wpb_text_column\"><div class=\"wpb_wrapper\"><h3 style=\"text-align: center;\"><span class=\"pink\"><strong><span style=\"color: #fe4641;\">Le menu comprend un buffet froid \u00ab\u00a0terre\u00a0\u00bb &amp; \u00ab\u00a0mer\u00a0\u00bb, un buffet chaud tr\u00e8s vari\u00e9 et un grand choix de desserts!<\/span><\/strong><\/span><\/h3>\n<h3 style=\"text-align: center;\"><span class=\"pink\"><strong>\u00a0<\/strong><\/span><\/h3>\n<\/div><\/div><div class=\"w-separator size_small with_line width_30 thick_1 style_double color_primary align_center with_content\"><div class=\"w-separator-h\"><i class=\"fas fa-thumbs-up\"><\/i><\/div><\/div><div class=\"w-tabs us_custom_e499a432 style_default switch_click accordion has_scrolling\" style=\"--sections-title-size:inherit\"><div class=\"w-tabs-sections titles-align_none icon_chevron cpos_right\"><div class=\"w-tabs-section\" id=\"1540808742015-37856087-c075\"><button class=\"w-tabs-section-header\" aria-controls=\"content-1540808742015-37856087-c075\" aria-expanded=\"false\"><div class=\"w-tabs-section-title\">JEUDI 30\/04\/2026<\/div><div class=\"w-tabs-section-control\"><\/div><\/button><div  class=\"w-tabs-section-content\" id=\"content-1540808742015-37856087-c075\"><div class=\"w-tabs-section-content-h i-cf\"><div class=\"g-cols wpb_row via_flex valign_top type_default stacking_default\"><div class=\"vc_col-sm-4 wpb_column vc_column_container\"><div class=\"vc_column-inner\"><div class=\"wpb_wrapper\"><div class=\"wpb_text_column\"><div class=\"wpb_wrapper\"><p style=\"text-align: center;\"><strong>BUFFET FROID<\/strong><\/p>\n<p style=\"text-align: center;\">Salade M\u00e9diterran\u00e9enne<br \/>\nPommes de terre &#8211; c\u00e9leri branche &amp; jambon cru<br \/>\nCarottes \u00e0 l&rsquo;orange<br \/>\nP\u00e2te\u00a0tricolore &amp; mozzarella<br \/>\nRiz crispy<br \/>\nTomates &#8211; roquette &amp; oignons rouges<br \/>\nPerle de couscous aux l\u00e9gumes grill\u00e9s<br \/>\nSalade mixte<br \/>\nFilet de poulet \u00e0 la tomate s\u00e9ch\u00e9e<br \/>\nP\u00e2t\u00e9 du chef<br \/>\nSalami<br \/>\nRoulade aux champignons<br \/>\nConcombre farci \u00e0 la mousse de ch\u00e8vre et noix<br \/>\nWrap au surimi<\/p>\n<\/div><\/div><\/div><\/div><\/div><div class=\"vc_col-sm-4 wpb_column vc_column_container\"><div class=\"vc_column-inner\"><div class=\"wpb_wrapper\"><div class=\"wpb_text_column\"><div class=\"wpb_wrapper\"><p style=\"text-align: center;\"><strong>POTAGE DU JOUR<\/strong><\/p>\n<p style=\"text-align: center;\"><strong>BUFFET CHAUD<\/strong><\/p>\n<p style=\"text-align: center;\">Couscous Royal<br \/>\nPoulet et kefta<\/p>\n<p style=\"text-align: center;\">Calamars frits<\/p>\n<p style=\"text-align: center;\">Choux-fleurs<br \/>\nFrites allumettes<\/p>\n<\/div><\/div><\/div><\/div><\/div><div class=\"vc_col-sm-4 wpb_column vc_column_container\"><div class=\"vc_column-inner\"><div class=\"wpb_wrapper\"><div class=\"wpb_text_column\"><div class=\"wpb_wrapper\"><p style=\"text-align: center;\"><strong>BUFFET DE DESSERTS<\/strong><\/p>\n<p style=\"text-align: center;\">Dessert du jour<br \/>\nG\u00e2teaux divers<br \/>\nPlateau de fromages<br \/>\nGrand choix de yaourts<br \/>\nCorbeille de fruits frais<\/p>\n<\/div><\/div><\/div><\/div><\/div><\/div><\/div><\/div><\/div><div class=\"w-tabs-section\" id=\"1540808742015-37856087-c075\"><button class=\"w-tabs-section-header\" aria-controls=\"content-1540808742015-37856087-c075\" aria-expanded=\"false\"><div class=\"w-tabs-section-title\">VENDREDI 01\/05\/2026<\/div><div class=\"w-tabs-section-control\"><\/div><\/button><div  class=\"w-tabs-section-content\" id=\"content-1540808742015-37856087-c075\"><div class=\"w-tabs-section-content-h i-cf\"><div class=\"g-cols wpb_row via_flex valign_top type_default stacking_default\"><div class=\"vc_col-sm-4 wpb_column vc_column_container\"><div class=\"vc_column-inner\"><div class=\"wpb_wrapper\"><div class=\"wpb_text_column\"><div class=\"wpb_wrapper\"><p style=\"text-align: center;\"><strong>BUFFET FROID<\/strong><\/p>\n<p style=\"text-align: center;\">Salade M\u00e9diterran\u00e9enne<br \/>\nPommes de terre &#8211; c\u00e9leri branche &amp; jambon cru<br \/>\nCarottes \u00e0 l&rsquo;orange<br \/>\nP\u00e2te\u00a0tricolore &amp; mozzarella<br \/>\nRiz crispy<br \/>\nTomates &#8211; roquette &amp; oignons rouges<br \/>\nPerle de couscous aux l\u00e9gumes grill\u00e9s<br \/>\nSalade mixte<br \/>\nFilet de poulet \u00e0 la tomate s\u00e9ch\u00e9e<br \/>\nP\u00e2t\u00e9 du chef<br \/>\nSalami<br \/>\nRoulade aux champignons<br \/>\nConcombre farci \u00e0 la mousse de ch\u00e8vre et noix<br \/>\nWrap au surimi<\/p>\n<\/div><\/div><\/div><\/div><\/div><div class=\"vc_col-sm-4 wpb_column vc_column_container\"><div class=\"vc_column-inner\"><div class=\"wpb_wrapper\"><div class=\"wpb_text_column\"><div class=\"wpb_wrapper\"><p style=\"text-align: center;\"><strong>POTAGE DU JOUR<\/strong><\/p>\n<p style=\"text-align: center;\"><strong>BUFFET CHAUD<\/strong><\/p>\n<p style=\"text-align: center;\">Couscous royal<br \/>\nPoulet, kefta et brochettes de dinde<\/p>\n<p style=\"text-align: center;\">Tajine de sole &amp; fruits de mer<\/p>\n<p style=\"text-align: center;\">Brocolis<br \/>\nFrites<\/p>\n<\/div><\/div><\/div><\/div><\/div><div class=\"vc_col-sm-4 wpb_column vc_column_container\"><div class=\"vc_column-inner\"><div class=\"wpb_wrapper\"><div class=\"wpb_text_column\"><div class=\"wpb_wrapper\"><p style=\"text-align: center;\"><strong>BUFFET DE DESSERTS<\/strong><\/p>\n<p style=\"text-align: center;\">Dessert du jour<br \/>\nG\u00e2teaux divers<br \/>\nPlateau de fromages<br \/>\nGrand choix de yaourts<br \/>\nCorbeille de fruits frais<\/p>\n<\/div><\/div><\/div><\/div><\/div><\/div><\/div><\/div><\/div><div class=\"w-tabs-section\" id=\"1672937362232-b933f1d0-5fbd\"><button class=\"w-tabs-section-header\" aria-controls=\"content-1672937362232-b933f1d0-5fbd\" aria-expanded=\"false\"><div class=\"w-tabs-section-title\">SAMEDI 02\/05\/2026<\/div><div class=\"w-tabs-section-control\"><\/div><\/button><div  class=\"w-tabs-section-content\" id=\"content-1672937362232-b933f1d0-5fbd\"><div class=\"w-tabs-section-content-h i-cf\"><div class=\"g-cols wpb_row via_flex valign_top type_default stacking_default\"><div class=\"vc_col-sm-4 wpb_column vc_column_container\"><div class=\"vc_column-inner\"><div class=\"wpb_wrapper\"><div class=\"wpb_text_column\"><div class=\"wpb_wrapper\"><p style=\"text-align: center;\"><strong>BUFFET FROID<\/strong><\/p>\n<p style=\"text-align: center;\">Salade M\u00e9diterran\u00e9enne<br \/>\nPommes de terre &#8211; c\u00e9leri branche &amp; jambon cru<br \/>\nCarottes \u00e0 l&rsquo;orange<br \/>\nP\u00e2te\u00a0tricolore &amp; mozzarella<br \/>\nRiz crispy<br \/>\nTomates &#8211; roquette &amp; oignons rouges<br \/>\nPerle de couscous aux l\u00e9gumes grill\u00e9s<br \/>\nSalade mixte<br \/>\nFilet de poulet \u00e0 la tomate s\u00e9ch\u00e9e<br \/>\nP\u00e2t\u00e9 du chef<br \/>\nConcombre farci \u00e0 la mousse de ch\u00e8vre et noix<br \/>\nSpeck italien<br \/>\nChorizo<br \/>\nToast au saumon fum\u00e9 et cr\u00e8me fouett\u00e9e au radis<\/p>\n<\/div><\/div><\/div><\/div><\/div><div class=\"vc_col-sm-4 wpb_column vc_column_container\"><div class=\"vc_column-inner\"><div class=\"wpb_wrapper\"><div class=\"wpb_text_column\"><div class=\"wpb_wrapper\"><p style=\"text-align: center;\"><strong>POTAGE DU JOUR<\/strong><\/p>\n<p style=\"text-align: center;\"><strong>BUFFET CHAUD<\/strong><\/p>\n<p style=\"text-align: center;\">Couscous royal<br \/>\nPoulet, kefta et brochette de b\u0153uf<\/p>\n<p style=\"text-align: center;\">Tajine de cabillaud &amp; scampi<\/p>\n<p style=\"text-align: center;\">Haricots verts aux tomates cerises<br \/>\nFrites<\/p>\n<\/div><\/div><\/div><\/div><\/div><div class=\"vc_col-sm-4 wpb_column vc_column_container\"><div class=\"vc_column-inner\"><div class=\"wpb_wrapper\"><div class=\"wpb_text_column\"><div class=\"wpb_wrapper\"><p style=\"text-align: center;\"><strong>BUFFET DE DESSERTS<\/strong><\/p>\n<p style=\"text-align: center;\">Dessert du jour<br \/>\nG\u00e2teaux divers<br \/>\nPlateau de fromages<br \/>\nGrand choix de yaourts<br \/>\nCorbeille de fruits frais<\/p>\n<\/div><\/div><\/div><\/div><\/div><\/div><\/div><\/div><\/div><div class=\"w-tabs-section\" id=\"1704297361943-7a6bb66b-a008\"><button class=\"w-tabs-section-header\" aria-controls=\"content-1704297361943-7a6bb66b-a008\" aria-expanded=\"false\"><div class=\"w-tabs-section-title\">DIMANCHE 03\/05\/2026<\/div><div class=\"w-tabs-section-control\"><\/div><\/button><div  class=\"w-tabs-section-content\" id=\"content-1704297361943-7a6bb66b-a008\"><div class=\"w-tabs-section-content-h i-cf\"><div class=\"g-cols wpb_row via_flex valign_top type_default stacking_default\"><div class=\"vc_col-sm-4 wpb_column vc_column_container\"><div class=\"vc_column-inner\"><div class=\"wpb_wrapper\"><div class=\"wpb_text_column\"><div class=\"wpb_wrapper\"><p style=\"text-align: center;\"><strong>BUFFET FROID<\/strong><\/p>\n<p style=\"text-align: center;\">Salade M\u00e9diterran\u00e9enne<br \/>\nPommes de terre &#8211; c\u00e9leri branche &amp; jambon cru<br \/>\nCarottes \u00e0 l&rsquo;orange<br \/>\nP\u00e2te\u00a0tricolore &amp; mozzarella<br \/>\nRiz crispy<br \/>\nTomates &#8211; roquette &amp; oignons rouges<br \/>\nPerle de couscous aux l\u00e9gumes grill\u00e9s<br \/>\nSalade mixte<br \/>\nFilet de poulet \u00e0 la tomate s\u00e9ch\u00e9e<br \/>\nP\u00e2t\u00e9 du chef<br \/>\nSalami<br \/>\nRoulade aux champignons<br \/>\nConcombre farci \u00e0 la mousse de ch\u00e8vre et noix<br \/>\nWrap au surimi<\/p>\n<\/div><\/div><\/div><\/div><\/div><div class=\"vc_col-sm-4 wpb_column vc_column_container\"><div class=\"vc_column-inner\"><div class=\"wpb_wrapper\"><div class=\"wpb_text_column\"><div class=\"wpb_wrapper\"><p style=\"text-align: center;\"><strong>POTAGE DU JOUR<\/strong><\/p>\n<p style=\"text-align: center;\"><strong>BUFFET CHAUD<\/strong><\/p>\n<p style=\"text-align: center;\">Couscous royal<br \/>\nPoulet, kefta et brochette de dinde<\/p>\n<p style=\"text-align: center;\">Tajine de la mer<\/p>\n<p style=\"text-align: center;\">Mix de l\u00e9gumes \u00e0 l\u2019ail<br \/>\nFrites<\/p>\n<\/div><\/div><\/div><\/div><\/div><div class=\"vc_col-sm-4 wpb_column vc_column_container\"><div class=\"vc_column-inner\"><div class=\"wpb_wrapper\"><div class=\"wpb_text_column\"><div class=\"wpb_wrapper\"><p style=\"text-align: center;\"><strong>BUFFET DE DESSERTS<\/strong><\/p>\n<p style=\"text-align: center;\">Dessert du jour<br \/>\nG\u00e2teaux divers<br \/>\nPlateau de fromages<br \/>\nGrand choix de yaourts<br \/>\nCorbeille de fruits frais<\/p>\n<\/div><\/div><\/div><\/div><\/div><\/div><\/div><\/div><\/div><\/div><\/div><\/div><\/div><\/div><\/div><\/div><\/section>\n","protected":false},"excerpt":{"rendered":"MENU DU WEEK-END AU MI-NOI Le menu comprend un buffet froid \u00ab\u00a0terre\u00a0\u00bb &amp; \u00ab\u00a0mer\u00a0\u00bb, un buffet chaud tr\u00e8s vari\u00e9 et un grand choix de desserts! \u00a0 JEUDI 30\/04\/2026BUFFET FROID Salade M\u00e9diterran\u00e9enne Pommes de terre &#8211; c\u00e9leri branche &amp; jambon cru Carottes \u00e0 l&rsquo;orange P\u00e2te\u00a0tricolore &amp; mozzarella Riz crispy Tomates &#8211; roquette &amp; oignons rouges Perle...","protected":false},"author":2,"featured_media":0,"parent":0,"menu_order":0,"comment_status":"closed","ping_status":"closed","template":"","meta":{"footnotes":""},"class_list":["post-5272","page","type-page","status-publish","hentry"],"yoast_head":"<!-- This site is optimized with the Yoast SEO plugin v27.5 - https:\/\/yoast.com\/product\/yoast-seo-wordpress\/ -->\n<title>Menu Mi-noi - Le menu du Mi-noi votre club libertin ouvert 7 jours sur 7<\/title>\n<meta name=\"description\" content=\"Le menu Mi-noi votre club libertin belge et fran\u00e7ais ouvert 7 jours sur 7 ! D\u00e9couvrez le buffet froid et chaud ainsi qu&#039;un buffet de desserts\" \/>\n<meta name=\"robots\" content=\"index, follow, max-snippet:-1, max-image-preview:large, max-video-preview:-1\" \/>\n<link rel=\"canonical\" href=\"https:\/\/www.mi-noi.be\/club-libertin\/menu-mi-noi-2-2\/\" \/>\n<meta property=\"og:locale\" content=\"fr_FR\" \/>\n<meta property=\"og:type\" content=\"article\" \/>\n<meta property=\"og:title\" content=\"Menu Mi-noi - Le menu du Mi-noi votre club libertin ouvert 7 jours sur 7\" \/>\n<meta property=\"og:description\" content=\"Le menu Mi-noi votre club libertin belge et fran\u00e7ais ouvert 7 jours sur 7 ! D\u00e9couvrez le buffet froid et chaud ainsi qu&#039;un buffet de desserts\" \/>\n<meta property=\"og:url\" content=\"https:\/\/www.mi-noi.be\/club-libertin\/menu-mi-noi-2-2\/\" \/>\n<meta property=\"og:site_name\" content=\"Mi-noi\" \/>\n<meta property=\"article:modified_time\" content=\"2026-04-29T16:34:37+00:00\" \/>\n<meta name=\"twitter:card\" content=\"summary_large_image\" \/>\n<meta name=\"twitter:label1\" content=\"Dur\u00e9e de lecture estim\u00e9e\" \/>\n\t<meta name=\"twitter:data1\" content=\"3 minutes\" \/>\n<script type=\"application\/ld+json\" class=\"yoast-schema-graph\">{\"@context\":\"https:\\\/\\\/schema.org\",\"@graph\":[{\"@type\":\"WebPage\",\"@id\":\"https:\\\/\\\/www.mi-noi.be\\\/club-libertin\\\/menu-mi-noi-2-2\\\/\",\"url\":\"https:\\\/\\\/www.mi-noi.be\\\/club-libertin\\\/menu-mi-noi-2-2\\\/\",\"name\":\"Menu Mi-noi - Le menu du Mi-noi votre club libertin ouvert 7 jours sur 7\",\"isPartOf\":{\"@id\":\"https:\\\/\\\/www.mi-noi.be\\\/club-libertin\\\/#website\"},\"datePublished\":\"2016-08-11T13:56:14+00:00\",\"dateModified\":\"2026-04-29T16:34:37+00:00\",\"description\":\"Le menu Mi-noi votre club libertin belge et fran\u00e7ais ouvert 7 jours sur 7 ! D\u00e9couvrez le buffet froid et chaud ainsi qu'un buffet de desserts\",\"breadcrumb\":{\"@id\":\"https:\\\/\\\/www.mi-noi.be\\\/club-libertin\\\/menu-mi-noi-2-2\\\/#breadcrumb\"},\"inLanguage\":\"fr-FR\",\"potentialAction\":[{\"@type\":\"ReadAction\",\"target\":[\"https:\\\/\\\/www.mi-noi.be\\\/club-libertin\\\/menu-mi-noi-2-2\\\/\"]}]},{\"@type\":\"BreadcrumbList\",\"@id\":\"https:\\\/\\\/www.mi-noi.be\\\/club-libertin\\\/menu-mi-noi-2-2\\\/#breadcrumb\",\"itemListElement\":[{\"@type\":\"ListItem\",\"position\":1,\"name\":\"Accueil\",\"item\":\"https:\\\/\\\/www.mi-noi.be\\\/club-libertin\\\/\"},{\"@type\":\"ListItem\",\"position\":2,\"name\":\"Menu Mi-noi\"}]},{\"@type\":\"WebSite\",\"@id\":\"https:\\\/\\\/www.mi-noi.be\\\/club-libertin\\\/#website\",\"url\":\"https:\\\/\\\/www.mi-noi.be\\\/club-libertin\\\/\",\"name\":\"Mi-no\u00ef\",\"description\":\"Le club libertin\",\"publisher\":{\"@id\":\"https:\\\/\\\/www.mi-noi.be\\\/club-libertin\\\/#organization\"},\"alternateName\":\"Minoi\",\"potentialAction\":[{\"@type\":\"SearchAction\",\"target\":{\"@type\":\"EntryPoint\",\"urlTemplate\":\"https:\\\/\\\/www.mi-noi.be\\\/club-libertin\\\/?s={search_term_string}\"},\"query-input\":{\"@type\":\"PropertyValueSpecification\",\"valueRequired\":true,\"valueName\":\"search_term_string\"}}],\"inLanguage\":\"fr-FR\"},{\"@type\":\"Organization\",\"@id\":\"https:\\\/\\\/www.mi-noi.be\\\/club-libertin\\\/#organization\",\"name\":\"Mi-no\u00ef\",\"alternateName\":\"Minoi\",\"url\":\"https:\\\/\\\/www.mi-noi.be\\\/club-libertin\\\/\",\"logo\":{\"@type\":\"ImageObject\",\"inLanguage\":\"fr-FR\",\"@id\":\"https:\\\/\\\/www.mi-noi.be\\\/club-libertin\\\/#\\\/schema\\\/logo\\\/image\\\/\",\"url\":\"https:\\\/\\\/www.mi-noi.be\\\/club-libertin\\\/wp-content\\\/uploads\\\/2020\\\/06\\\/logo-mi-noi.svg\",\"contentUrl\":\"https:\\\/\\\/www.mi-noi.be\\\/club-libertin\\\/wp-content\\\/uploads\\\/2020\\\/06\\\/logo-mi-noi.svg\",\"width\":\"1024\",\"height\":\"1024\",\"caption\":\"Mi-no\u00ef\"},\"image\":{\"@id\":\"https:\\\/\\\/www.mi-noi.be\\\/club-libertin\\\/#\\\/schema\\\/logo\\\/image\\\/\"}}]}<\/script>\n<!-- \/ Yoast SEO plugin. -->","yoast_head_json":{"title":"Menu Mi-noi - Le menu du Mi-noi votre club libertin ouvert 7 jours sur 7","description":"Le menu Mi-noi votre club libertin belge et fran\u00e7ais ouvert 7 jours sur 7 ! D\u00e9couvrez le buffet froid et chaud ainsi qu'un buffet de desserts","robots":{"index":"index","follow":"follow","max-snippet":"max-snippet:-1","max-image-preview":"max-image-preview:large","max-video-preview":"max-video-preview:-1"},"canonical":"https:\/\/www.mi-noi.be\/club-libertin\/menu-mi-noi-2-2\/","og_locale":"fr_FR","og_type":"article","og_title":"Menu Mi-noi - Le menu du Mi-noi votre club libertin ouvert 7 jours sur 7","og_description":"Le menu Mi-noi votre club libertin belge et fran\u00e7ais ouvert 7 jours sur 7 ! D\u00e9couvrez le buffet froid et chaud ainsi qu'un buffet de desserts","og_url":"https:\/\/www.mi-noi.be\/club-libertin\/menu-mi-noi-2-2\/","og_site_name":"Mi-noi","article_modified_time":"2026-04-29T16:34:37+00:00","twitter_card":"summary_large_image","twitter_misc":{"Dur\u00e9e de lecture estim\u00e9e":"3 minutes"},"schema":{"@context":"https:\/\/schema.org","@graph":[{"@type":"WebPage","@id":"https:\/\/www.mi-noi.be\/club-libertin\/menu-mi-noi-2-2\/","url":"https:\/\/www.mi-noi.be\/club-libertin\/menu-mi-noi-2-2\/","name":"Menu Mi-noi - Le menu du Mi-noi votre club libertin ouvert 7 jours sur 7","isPartOf":{"@id":"https:\/\/www.mi-noi.be\/club-libertin\/#website"},"datePublished":"2016-08-11T13:56:14+00:00","dateModified":"2026-04-29T16:34:37+00:00","description":"Le menu Mi-noi votre club libertin belge et fran\u00e7ais ouvert 7 jours sur 7 ! D\u00e9couvrez le buffet froid et chaud ainsi qu'un buffet de desserts","breadcrumb":{"@id":"https:\/\/www.mi-noi.be\/club-libertin\/menu-mi-noi-2-2\/#breadcrumb"},"inLanguage":"fr-FR","potentialAction":[{"@type":"ReadAction","target":["https:\/\/www.mi-noi.be\/club-libertin\/menu-mi-noi-2-2\/"]}]},{"@type":"BreadcrumbList","@id":"https:\/\/www.mi-noi.be\/club-libertin\/menu-mi-noi-2-2\/#breadcrumb","itemListElement":[{"@type":"ListItem","position":1,"name":"Accueil","item":"https:\/\/www.mi-noi.be\/club-libertin\/"},{"@type":"ListItem","position":2,"name":"Menu Mi-noi"}]},{"@type":"WebSite","@id":"https:\/\/www.mi-noi.be\/club-libertin\/#website","url":"https:\/\/www.mi-noi.be\/club-libertin\/","name":"Mi-no\u00ef","description":"Le club libertin","publisher":{"@id":"https:\/\/www.mi-noi.be\/club-libertin\/#organization"},"alternateName":"Minoi","potentialAction":[{"@type":"SearchAction","target":{"@type":"EntryPoint","urlTemplate":"https:\/\/www.mi-noi.be\/club-libertin\/?s={search_term_string}"},"query-input":{"@type":"PropertyValueSpecification","valueRequired":true,"valueName":"search_term_string"}}],"inLanguage":"fr-FR"},{"@type":"Organization","@id":"https:\/\/www.mi-noi.be\/club-libertin\/#organization","name":"Mi-no\u00ef","alternateName":"Minoi","url":"https:\/\/www.mi-noi.be\/club-libertin\/","logo":{"@type":"ImageObject","inLanguage":"fr-FR","@id":"https:\/\/www.mi-noi.be\/club-libertin\/#\/schema\/logo\/image\/","url":"https:\/\/www.mi-noi.be\/club-libertin\/wp-content\/uploads\/2020\/06\/logo-mi-noi.svg","contentUrl":"https:\/\/www.mi-noi.be\/club-libertin\/wp-content\/uploads\/2020\/06\/logo-mi-noi.svg","width":"1024","height":"1024","caption":"Mi-no\u00ef"},"image":{"@id":"https:\/\/www.mi-noi.be\/club-libertin\/#\/schema\/logo\/image\/"}}]}},"_links":{"self":[{"href":"https:\/\/www.mi-noi.be\/club-libertin\/wp-json\/wp\/v2\/pages\/5272","targetHints":{"allow":["GET"]}}],"collection":[{"href":"https:\/\/www.mi-noi.be\/club-libertin\/wp-json\/wp\/v2\/pages"}],"about":[{"href":"https:\/\/www.mi-noi.be\/club-libertin\/wp-json\/wp\/v2\/types\/page"}],"author":[{"embeddable":true,"href":"https:\/\/www.mi-noi.be\/club-libertin\/wp-json\/wp\/v2\/users\/2"}],"replies":[{"embeddable":true,"href":"https:\/\/www.mi-noi.be\/club-libertin\/wp-json\/wp\/v2\/comments?post=5272"}],"version-history":[{"count":610,"href":"https:\/\/www.mi-noi.be\/club-libertin\/wp-json\/wp\/v2\/pages\/5272\/revisions"}],"predecessor-version":[{"id":13715,"href":"https:\/\/www.mi-noi.be\/club-libertin\/wp-json\/wp\/v2\/pages\/5272\/revisions\/13715"}],"wp:attachment":[{"href":"https:\/\/www.mi-noi.be\/club-libertin\/wp-json\/wp\/v2\/media?parent=5272"}],"curies":[{"name":"wp","href":"https:\/\/api.w.org\/{rel}","templated":true}]}}