{"id":5214,"date":"2016-08-10T17:13:58","date_gmt":"2016-08-10T15:13:58","guid":{"rendered":"http:\/\/www.mi-noi.be\/club-libertin\/?page_id=5214"},"modified":"2025-04-02T09:41:33","modified_gmt":"2025-04-02T07:41:33","slug":"job-mi-noi","status":"publish","type":"page","link":"https:\/\/www.mi-noi.be\/club-libertin\/job-mi-noi\/","title":{"rendered":"Job Mi-noi"},"content":{"rendered":"<section class=\"l-section wpb_row height_medium full_height valign_center color_primary with_img parallax_ver\"><div class=\"l-section-img\" role=\"img\" aria-label=\"Mi-noi job\" data-img-width=\"1920\" data-img-height=\"1080\" style=\"background-image: url(https:\/\/www.mi-noi.be\/club-libertin\/wp-content\/uploads\/2016\/08\/minoi-job.jpg);background-repeat: no-repeat;\"><\/div><div class=\"l-section-overlay\" style=\"background:rgba(0,0,0,0.65)\"><\/div><div class=\"l-section-h i-cf\"><div class=\"g-cols vc_row via_flex valign_top type_default stacking_default\"><div class=\"vc_col-sm-12 wpb_column vc_column_container align_center\"><div class=\"vc_column-inner\"><div class=\"wpb_wrapper\"><div class=\"wpb_text_column\"><div class=\"wpb_wrapper\"><h2 style=\"text-align: center;\"><strong>UN JOB\u00a0AU MI-NOI !<\/strong><\/h2>\n<\/div><\/div><div class=\"w-separator size_small with_line width_30 thick_1 style_double color_primary align_center with_content\"><div class=\"w-separator-h\"><i class=\"fas fa-exclamation\"><\/i><\/div><\/div><div class=\"w-image align_none\"><div class=\"w-image-h\"><img decoding=\"async\" width=\"960\" height=\"960\" src=\"https:\/\/www.mi-noi.be\/club-libertin\/wp-content\/uploads\/2025\/04\/Acceuil-MN.jpg\" class=\"attachment-large size-large\" alt=\"\" loading=\"lazy\" srcset=\"https:\/\/www.mi-noi.be\/club-libertin\/wp-content\/uploads\/2025\/04\/Acceuil-MN.jpg 960w, https:\/\/www.mi-noi.be\/club-libertin\/wp-content\/uploads\/2025\/04\/Acceuil-MN-300x300.jpg 300w, https:\/\/www.mi-noi.be\/club-libertin\/wp-content\/uploads\/2025\/04\/Acceuil-MN-150x150.jpg 150w, https:\/\/www.mi-noi.be\/club-libertin\/wp-content\/uploads\/2025\/04\/Acceuil-MN-350x350.jpg 350w, https:\/\/www.mi-noi.be\/club-libertin\/wp-content\/uploads\/2025\/04\/Acceuil-MN-600x600.jpg 600w, https:\/\/www.mi-noi.be\/club-libertin\/wp-content\/uploads\/2025\/04\/Acceuil-MN-768x768.jpg 768w\" sizes=\"auto, (max-width: 960px) 100vw, 960px\" \/><\/div><\/div><div class=\"w-image align_none\"><div class=\"w-image-h\"><img decoding=\"async\" width=\"1000\" height=\"1000\" src=\"https:\/\/www.mi-noi.be\/club-libertin\/wp-content\/uploads\/2024\/04\/Minoi-cuisinier.jpg\" class=\"attachment-large size-large\" alt=\"\" loading=\"lazy\" srcset=\"https:\/\/www.mi-noi.be\/club-libertin\/wp-content\/uploads\/2024\/04\/Minoi-cuisinier.jpg 1000w, https:\/\/www.mi-noi.be\/club-libertin\/wp-content\/uploads\/2024\/04\/Minoi-cuisinier-300x300.jpg 300w, https:\/\/www.mi-noi.be\/club-libertin\/wp-content\/uploads\/2024\/04\/Minoi-cuisinier-150x150.jpg 150w, https:\/\/www.mi-noi.be\/club-libertin\/wp-content\/uploads\/2024\/04\/Minoi-cuisinier-350x350.jpg 350w, https:\/\/www.mi-noi.be\/club-libertin\/wp-content\/uploads\/2024\/04\/Minoi-cuisinier-600x600.jpg 600w, https:\/\/www.mi-noi.be\/club-libertin\/wp-content\/uploads\/2024\/04\/Minoi-cuisinier-768x768.jpg 768w\" sizes=\"auto, (max-width: 1000px) 100vw, 1000px\" \/><\/div><\/div><div class=\"w-separator size_medium\"><\/div><div class=\"w-btn-wrapper align_center\"><a class=\"w-btn us-btn-style_1 us_custom_a5c88937\" href=\"mailto:jobs@mi-noi.be\"><span class=\"w-btn-label\">CONTACTEZ NOUS<\/span><\/a><\/div><\/div><\/div><\/div><\/div><\/div><\/section>\n","protected":false},"excerpt":{"rendered":"UN JOB\u00a0AU MI-NOI ! CONTACTEZ NOUS","protected":false},"author":2,"featured_media":0,"parent":0,"menu_order":0,"comment_status":"closed","ping_status":"closed","template":"","meta":{"footnotes":""},"class_list":["post-5214","page","type-page","status-publish","hentry"],"yoast_head":"<!-- This site is optimized with the Yoast SEO plugin v27.5 - https:\/\/yoast.com\/product\/yoast-seo-wordpress\/ -->\n<title>Job Mi-noi - Votre job au Mi-noi, le club libertin belge et francais<\/title>\n<meta name=\"description\" content=\"Vous souhaitez int\u00e9grer une entreprise en constante \u00e9volution et relever des d\u00e9fis ne vous fait pas peur, alors consultez le &quot;job&quot; au Mi-noi.\" \/>\n<meta name=\"robots\" content=\"index, follow, max-snippet:-1, max-image-preview:large, max-video-preview:-1\" \/>\n<link rel=\"canonical\" href=\"https:\/\/www.mi-noi.be\/club-libertin\/job-mi-noi\/\" \/>\n<meta property=\"og:locale\" content=\"fr_FR\" \/>\n<meta property=\"og:type\" content=\"article\" \/>\n<meta property=\"og:title\" content=\"Job Mi-noi - Votre job au Mi-noi, le club libertin belge et francais\" \/>\n<meta property=\"og:description\" content=\"Vous souhaitez int\u00e9grer une entreprise en constante \u00e9volution et relever des d\u00e9fis ne vous fait pas peur, alors consultez le &quot;job&quot; au Mi-noi.\" \/>\n<meta property=\"og:url\" content=\"https:\/\/www.mi-noi.be\/club-libertin\/job-mi-noi\/\" \/>\n<meta property=\"og:site_name\" content=\"Mi-noi\" \/>\n<meta property=\"article:modified_time\" content=\"2025-04-02T07:41:33+00:00\" \/>\n<meta name=\"twitter:card\" content=\"summary_large_image\" \/>\n<meta name=\"twitter:label1\" content=\"Dur\u00e9e de lecture estim\u00e9e\" \/>\n\t<meta name=\"twitter:data1\" content=\"1 minute\" \/>\n<script type=\"application\/ld+json\" class=\"yoast-schema-graph\">{\"@context\":\"https:\\\/\\\/schema.org\",\"@graph\":[{\"@type\":\"WebPage\",\"@id\":\"https:\\\/\\\/www.mi-noi.be\\\/club-libertin\\\/job-mi-noi\\\/\",\"url\":\"https:\\\/\\\/www.mi-noi.be\\\/club-libertin\\\/job-mi-noi\\\/\",\"name\":\"Job Mi-noi - Votre job au Mi-noi, le club libertin belge et francais\",\"isPartOf\":{\"@id\":\"https:\\\/\\\/www.mi-noi.be\\\/club-libertin\\\/#website\"},\"datePublished\":\"2016-08-10T15:13:58+00:00\",\"dateModified\":\"2025-04-02T07:41:33+00:00\",\"description\":\"Vous souhaitez int\u00e9grer une entreprise en constante \u00e9volution et relever des d\u00e9fis ne vous fait pas peur, alors consultez le \\\"job\\\" au Mi-noi.\",\"breadcrumb\":{\"@id\":\"https:\\\/\\\/www.mi-noi.be\\\/club-libertin\\\/job-mi-noi\\\/#breadcrumb\"},\"inLanguage\":\"fr-FR\",\"potentialAction\":[{\"@type\":\"ReadAction\",\"target\":[\"https:\\\/\\\/www.mi-noi.be\\\/club-libertin\\\/job-mi-noi\\\/\"]}]},{\"@type\":\"BreadcrumbList\",\"@id\":\"https:\\\/\\\/www.mi-noi.be\\\/club-libertin\\\/job-mi-noi\\\/#breadcrumb\",\"itemListElement\":[{\"@type\":\"ListItem\",\"position\":1,\"name\":\"Accueil\",\"item\":\"https:\\\/\\\/www.mi-noi.be\\\/club-libertin\\\/\"},{\"@type\":\"ListItem\",\"position\":2,\"name\":\"Job Mi-noi\"}]},{\"@type\":\"WebSite\",\"@id\":\"https:\\\/\\\/www.mi-noi.be\\\/club-libertin\\\/#website\",\"url\":\"https:\\\/\\\/www.mi-noi.be\\\/club-libertin\\\/\",\"name\":\"Mi-no\u00ef\",\"description\":\"Le club libertin\",\"publisher\":{\"@id\":\"https:\\\/\\\/www.mi-noi.be\\\/club-libertin\\\/#organization\"},\"alternateName\":\"Minoi\",\"potentialAction\":[{\"@type\":\"SearchAction\",\"target\":{\"@type\":\"EntryPoint\",\"urlTemplate\":\"https:\\\/\\\/www.mi-noi.be\\\/club-libertin\\\/?s={search_term_string}\"},\"query-input\":{\"@type\":\"PropertyValueSpecification\",\"valueRequired\":true,\"valueName\":\"search_term_string\"}}],\"inLanguage\":\"fr-FR\"},{\"@type\":\"Organization\",\"@id\":\"https:\\\/\\\/www.mi-noi.be\\\/club-libertin\\\/#organization\",\"name\":\"Mi-no\u00ef\",\"alternateName\":\"Minoi\",\"url\":\"https:\\\/\\\/www.mi-noi.be\\\/club-libertin\\\/\",\"logo\":{\"@type\":\"ImageObject\",\"inLanguage\":\"fr-FR\",\"@id\":\"https:\\\/\\\/www.mi-noi.be\\\/club-libertin\\\/#\\\/schema\\\/logo\\\/image\\\/\",\"url\":\"https:\\\/\\\/www.mi-noi.be\\\/club-libertin\\\/wp-content\\\/uploads\\\/2020\\\/06\\\/logo-mi-noi.svg\",\"contentUrl\":\"https:\\\/\\\/www.mi-noi.be\\\/club-libertin\\\/wp-content\\\/uploads\\\/2020\\\/06\\\/logo-mi-noi.svg\",\"width\":\"1024\",\"height\":\"1024\",\"caption\":\"Mi-no\u00ef\"},\"image\":{\"@id\":\"https:\\\/\\\/www.mi-noi.be\\\/club-libertin\\\/#\\\/schema\\\/logo\\\/image\\\/\"}}]}<\/script>\n<!-- \/ Yoast SEO plugin. -->","yoast_head_json":{"title":"Job Mi-noi - Votre job au Mi-noi, le club libertin belge et francais","description":"Vous souhaitez int\u00e9grer une entreprise en constante \u00e9volution et relever des d\u00e9fis ne vous fait pas peur, alors consultez le \"job\" au Mi-noi.","robots":{"index":"index","follow":"follow","max-snippet":"max-snippet:-1","max-image-preview":"max-image-preview:large","max-video-preview":"max-video-preview:-1"},"canonical":"https:\/\/www.mi-noi.be\/club-libertin\/job-mi-noi\/","og_locale":"fr_FR","og_type":"article","og_title":"Job Mi-noi - Votre job au Mi-noi, le club libertin belge et francais","og_description":"Vous souhaitez int\u00e9grer une entreprise en constante \u00e9volution et relever des d\u00e9fis ne vous fait pas peur, alors consultez le \"job\" au Mi-noi.","og_url":"https:\/\/www.mi-noi.be\/club-libertin\/job-mi-noi\/","og_site_name":"Mi-noi","article_modified_time":"2025-04-02T07:41:33+00:00","twitter_card":"summary_large_image","twitter_misc":{"Dur\u00e9e de lecture estim\u00e9e":"1 minute"},"schema":{"@context":"https:\/\/schema.org","@graph":[{"@type":"WebPage","@id":"https:\/\/www.mi-noi.be\/club-libertin\/job-mi-noi\/","url":"https:\/\/www.mi-noi.be\/club-libertin\/job-mi-noi\/","name":"Job Mi-noi - Votre job au Mi-noi, le club libertin belge et francais","isPartOf":{"@id":"https:\/\/www.mi-noi.be\/club-libertin\/#website"},"datePublished":"2016-08-10T15:13:58+00:00","dateModified":"2025-04-02T07:41:33+00:00","description":"Vous souhaitez int\u00e9grer une entreprise en constante \u00e9volution et relever des d\u00e9fis ne vous fait pas peur, alors consultez le \"job\" au Mi-noi.","breadcrumb":{"@id":"https:\/\/www.mi-noi.be\/club-libertin\/job-mi-noi\/#breadcrumb"},"inLanguage":"fr-FR","potentialAction":[{"@type":"ReadAction","target":["https:\/\/www.mi-noi.be\/club-libertin\/job-mi-noi\/"]}]},{"@type":"BreadcrumbList","@id":"https:\/\/www.mi-noi.be\/club-libertin\/job-mi-noi\/#breadcrumb","itemListElement":[{"@type":"ListItem","position":1,"name":"Accueil","item":"https:\/\/www.mi-noi.be\/club-libertin\/"},{"@type":"ListItem","position":2,"name":"Job Mi-noi"}]},{"@type":"WebSite","@id":"https:\/\/www.mi-noi.be\/club-libertin\/#website","url":"https:\/\/www.mi-noi.be\/club-libertin\/","name":"Mi-no\u00ef","description":"Le club libertin","publisher":{"@id":"https:\/\/www.mi-noi.be\/club-libertin\/#organization"},"alternateName":"Minoi","potentialAction":[{"@type":"SearchAction","target":{"@type":"EntryPoint","urlTemplate":"https:\/\/www.mi-noi.be\/club-libertin\/?s={search_term_string}"},"query-input":{"@type":"PropertyValueSpecification","valueRequired":true,"valueName":"search_term_string"}}],"inLanguage":"fr-FR"},{"@type":"Organization","@id":"https:\/\/www.mi-noi.be\/club-libertin\/#organization","name":"Mi-no\u00ef","alternateName":"Minoi","url":"https:\/\/www.mi-noi.be\/club-libertin\/","logo":{"@type":"ImageObject","inLanguage":"fr-FR","@id":"https:\/\/www.mi-noi.be\/club-libertin\/#\/schema\/logo\/image\/","url":"https:\/\/www.mi-noi.be\/club-libertin\/wp-content\/uploads\/2020\/06\/logo-mi-noi.svg","contentUrl":"https:\/\/www.mi-noi.be\/club-libertin\/wp-content\/uploads\/2020\/06\/logo-mi-noi.svg","width":"1024","height":"1024","caption":"Mi-no\u00ef"},"image":{"@id":"https:\/\/www.mi-noi.be\/club-libertin\/#\/schema\/logo\/image\/"}}]}},"_links":{"self":[{"href":"https:\/\/www.mi-noi.be\/club-libertin\/wp-json\/wp\/v2\/pages\/5214","targetHints":{"allow":["GET"]}}],"collection":[{"href":"https:\/\/www.mi-noi.be\/club-libertin\/wp-json\/wp\/v2\/pages"}],"about":[{"href":"https:\/\/www.mi-noi.be\/club-libertin\/wp-json\/wp\/v2\/types\/page"}],"author":[{"embeddable":true,"href":"https:\/\/www.mi-noi.be\/club-libertin\/wp-json\/wp\/v2\/users\/2"}],"replies":[{"embeddable":true,"href":"https:\/\/www.mi-noi.be\/club-libertin\/wp-json\/wp\/v2\/comments?post=5214"}],"version-history":[{"count":35,"href":"https:\/\/www.mi-noi.be\/club-libertin\/wp-json\/wp\/v2\/pages\/5214\/revisions"}],"predecessor-version":[{"id":13044,"href":"https:\/\/www.mi-noi.be\/club-libertin\/wp-json\/wp\/v2\/pages\/5214\/revisions\/13044"}],"wp:attachment":[{"href":"https:\/\/www.mi-noi.be\/club-libertin\/wp-json\/wp\/v2\/media?parent=5214"}],"curies":[{"name":"wp","href":"https:\/\/api.w.org\/{rel}","templated":true}]}}