{"id":2508,"date":"2013-12-16T19:45:19","date_gmt":"2013-12-16T19:45:19","guid":{"rendered":"http:\/\/impreza.us-themes.net\/?page_id=2508"},"modified":"2020-11-11T10:18:34","modified_gmt":"2020-11-11T09:18:34","slug":"faq-page","status":"publish","type":"page","link":"https:\/\/www.mi-noi.be\/club-libertin\/faq-page\/","title":{"rendered":"Question &#8211; FAQ"},"content":{"rendered":"<section class=\"l-section wpb_row us_custom_62fcca3c has_text_color height_medium\"><div class=\"l-section-h i-cf\"><div class=\"g-cols vc_row via_flex valign_top type_default stacking_default\"><div class=\"vc_col-sm-12 wpb_column vc_column_container\"><div class=\"vc_column-inner\"><div class=\"wpb_wrapper\"><div class=\"wpb_text_column\"><div class=\"wpb_wrapper\"><h2 style=\"text-align: center;\"><strong>UNE QUESTION SUR LE MI-NOI ?<\/strong><\/h2>\n<\/div><\/div><div class=\"w-tabs style_default switch_click accordion has_scrolling\" style=\"--sections-title-size:inherit\"><div class=\"w-tabs-sections titles-align_none icon_chevron cpos_right\"><div class=\"w-tabs-section\" id=\"lfed\"><button class=\"w-tabs-section-header with_icon\" aria-controls=\"content-lfed\" aria-expanded=\"false\"><i class=\"fas fa-question-circle\"><\/i><div class=\"w-tabs-section-title\">Que comprend le prix d\u2019entr\u00e9e ?<\/div><div class=\"w-tabs-section-control\"><\/div><\/button><div  class=\"w-tabs-section-content\" id=\"content-lfed\"><div class=\"w-tabs-section-content-h i-cf\"><div class=\"wpb_text_column\"><div class=\"wpb_wrapper\"><p style=\"text-align: justify;\">C\u2019est un forfait pour la journ\u00e9e \/ soir\u00e9e.<\/p>\n<p><strong>Inclus\u00a0:<\/strong> les boissons, le buffet chaud et froid \u00e0 volont\u00e9, l\u2019ambiance discoth\u00e8que en soir\u00e9e, les coins c\u00e2lins, un sauna, un jacuzzi ainsi que l\u2019ensemble des animations ou spectacles qui vous sont propos\u00e9s chaque jour et week-end.<\/p>\n<\/div><\/div><\/div><\/div><\/div><div class=\"w-tabs-section\" id=\"r145\"><button class=\"w-tabs-section-header with_icon\" aria-controls=\"content-r145\" aria-expanded=\"false\"><i class=\"fas fa-question-circle\"><\/i><div class=\"w-tabs-section-title\">Doit on se mettre en lingerie d\u00e8s que l\u2019on entre ?<\/div><div class=\"w-tabs-section-control\"><\/div><\/button><div  class=\"w-tabs-section-content\" id=\"content-r145\"><div class=\"w-tabs-section-content-h i-cf\"><div class=\"wpb_text_column\"><div class=\"wpb_wrapper\"><p style=\"text-align: justify;\"><strong>La lingerie est obligatoire du lundi au vendredi \u00e0 partir de 14h00 et pour toute la journ\u00e9e.<\/strong><\/p>\n<p style=\"text-align: justify;\"><strong>Le samedi uniquement<\/strong>, vous pouvez rester habill\u00e9s au niveau discoth\u00e8que. Toutefois si vous d\u00e9sirez monter aux alc\u00f4ves, vous devrez vous d\u00e9v\u00eatir et vous mettre en lingerie.<\/p>\n<p style=\"text-align: justify;\"><strong>Le dimanche la lingerie est obligatoire \u00e0 partir de 22h00 et pour toute la soir\u00e9e.<\/strong><\/p>\n<\/div><\/div><\/div><\/div><\/div><div class=\"w-tabs-section\" id=\"q045\"><button class=\"w-tabs-section-header with_icon\" aria-controls=\"content-q045\" aria-expanded=\"false\"><i class=\"fas fa-question-circle\"><\/i><div class=\"w-tabs-section-title\">Peut-on se contenter d\u2019\u00eatre voyeur ?<\/div><div class=\"w-tabs-section-control\"><\/div><\/button><div  class=\"w-tabs-section-content\" id=\"content-q045\"><div class=\"w-tabs-section-content-h i-cf\"><div class=\"g-cols wpb_row via_flex valign_top type_default stacking_default\"><div class=\"vc_col-sm-4 wpb_column vc_column_container\"><div class=\"vc_column-inner\"><div class=\"wpb_wrapper\"><div class=\"w-image align_center us_animate_afc\"><div class=\"w-image-h\"><img decoding=\"async\" width=\"600\" height=\"400\" src=\"https:\/\/www.mi-noi.be\/club-libertin\/wp-content\/uploads\/2013\/12\/minoi-masque-bg-600x400.jpg\" class=\"attachment-us_600_0 size-us_600_0\" alt=\"Mi-noi\" loading=\"lazy\" srcset=\"https:\/\/www.mi-noi.be\/club-libertin\/wp-content\/uploads\/2013\/12\/minoi-masque-bg-600x400.jpg 600w, https:\/\/www.mi-noi.be\/club-libertin\/wp-content\/uploads\/2013\/12\/minoi-masque-bg-300x200.jpg 300w, https:\/\/www.mi-noi.be\/club-libertin\/wp-content\/uploads\/2013\/12\/minoi-masque-bg-768x512.jpg 768w, https:\/\/www.mi-noi.be\/club-libertin\/wp-content\/uploads\/2013\/12\/minoi-masque-bg-1024x682.jpg 1024w, https:\/\/www.mi-noi.be\/club-libertin\/wp-content\/uploads\/2013\/12\/minoi-masque-bg.jpg 2000w\" sizes=\"auto, (max-width: 600px) 100vw, 600px\" \/><\/div><\/div><\/div><\/div><\/div><div class=\"vc_col-sm-8 wpb_column vc_column_container\"><div class=\"vc_column-inner\"><div class=\"wpb_wrapper\"><div class=\"wpb_text_column\"><div class=\"wpb_wrapper\"><p style=\"text-align: justify;\"><strong>Oui bien s\u00fbr\u00a0!<\/strong><br \/>\nBeaucoup de gens sont exhibitionnistes. Vous leur ferez donc plaisir en venant les regarder jouer.<br \/>\nEt si un jour vous voulez participer de fa\u00e7on plus active, rien ne vous y emp\u00eache.<br \/>\n<strong>Au Mi-No\u00ef\u00a0: \u00ab\u00a0tout est permis, rien n\u2019est obligatoire\u00a0\u00bb.<\/strong><\/p>\n<\/div><\/div><\/div><\/div><\/div><\/div><\/div><\/div><\/div><div class=\"w-tabs-section\" id=\"c23d\"><button class=\"w-tabs-section-header with_icon\" aria-controls=\"content-c23d\" aria-expanded=\"false\"><i class=\"fas fa-question-circle\"><\/i><div class=\"w-tabs-section-title\">Et si je rencontre chez vous une de mes connaissances ?<\/div><div class=\"w-tabs-section-control\"><\/div><\/button><div  class=\"w-tabs-section-content\" id=\"content-c23d\"><div class=\"w-tabs-section-content-h i-cf\"><div class=\"wpb_text_column\"><div class=\"wpb_wrapper\"><p style=\"text-align: justify;\"><strong><em>Et si votre connaissance se pose la m\u00eame question\u00a0?<\/em><\/strong><br \/>\nVous vous trouverez au m\u00eame endroit, en m\u00eame temps pour des raisons semblables. Vous passez une bonne soir\u00e9e sans hypocrisie dans un endroit \u00ab\u00a0s\u00e9lect\u00a0\u00bb entre personnes de bonne compagnie.<br \/>\n<strong>O\u00f9 est le probl\u00e8me\u00a0?<\/strong><\/p>\n<\/div><\/div><\/div><\/div><\/div><div class=\"w-tabs-section\" id=\"u344\"><button class=\"w-tabs-section-header with_icon\" aria-controls=\"content-u344\" aria-expanded=\"false\"><i class=\"fas fa-question-circle\"><\/i><div class=\"w-tabs-section-title\">Le samedi est r\u00e9serv\u00e9 exclusivement aux couples et femmes seules mais les autres jours vous acceptez les hommes non- accompagn\u00e9s ?<\/div><div class=\"w-tabs-section-control\"><\/div><\/button><div  class=\"w-tabs-section-content\" id=\"content-u344\"><div class=\"w-tabs-section-content-h i-cf\"><div class=\"wpb_text_column\"><div class=\"wpb_wrapper\"><p style=\"text-align: justify;\"><strong>OUI C\u2019est exact.<\/strong><br \/>\nN\u00e9anmoins, une s\u00e9lection \u00e0 l\u2019entr\u00e9e limite l\u2019acc\u00e8s aux hommes seuls.<\/p>\n<\/div><\/div><\/div><\/div><\/div><div class=\"w-tabs-section\" id=\"cfe4\"><button class=\"w-tabs-section-header with_icon\" aria-controls=\"content-cfe4\" aria-expanded=\"false\"><i class=\"fas fa-question-circle\"><\/i><div class=\"w-tabs-section-title\">Y a-t-il des interdictions au Mi-No\u00ef ?<\/div><div class=\"w-tabs-section-control\"><\/div><\/button><div  class=\"w-tabs-section-content\" id=\"content-cfe4\"><div class=\"w-tabs-section-content-h i-cf\"><div class=\"g-cols wpb_row via_flex valign_top type_default stacking_default\"><div class=\"vc_col-sm-4 wpb_column vc_column_container\"><div class=\"vc_column-inner\"><div class=\"wpb_wrapper\"><div class=\"w-image align_center us_animate_afc\"><div class=\"w-image-h\"><img decoding=\"async\" width=\"600\" height=\"600\" src=\"https:\/\/www.mi-noi.be\/club-libertin\/wp-content\/uploads\/2013\/12\/minoi-lips-bg-600x600.jpg\" class=\"attachment-us_600_600_crop size-us_600_600_crop\" alt=\"Mi-noi\" loading=\"lazy\" srcset=\"https:\/\/www.mi-noi.be\/club-libertin\/wp-content\/uploads\/2013\/12\/minoi-lips-bg-600x600.jpg 600w, https:\/\/www.mi-noi.be\/club-libertin\/wp-content\/uploads\/2013\/12\/minoi-lips-bg-150x150.jpg 150w, https:\/\/www.mi-noi.be\/club-libertin\/wp-content\/uploads\/2013\/12\/minoi-lips-bg-350x350.jpg 350w\" sizes=\"auto, (max-width: 600px) 100vw, 600px\" \/><\/div><\/div><\/div><\/div><\/div><div class=\"vc_col-sm-8 wpb_column vc_column_container\"><div class=\"vc_column-inner\"><div class=\"wpb_wrapper\"><div class=\"wpb_text_column\"><div class=\"wpb_wrapper\"><p style=\"text-align: justify;\"><strong>Oui<\/strong>\u00a0: toute forme de non-respect et d\u2019incorrection, l\u2019usage ou la possession de stup\u00e9fiants ainsi que la pr\u00e9sence de mineur(e)s.<\/p>\n<p><strong>La direction se r\u00e9serve le droit d\u2019exclure un membre qui ne satisfait pas \u00e0 ces exigences.<\/strong><\/p>\n<\/div><\/div><\/div><\/div><\/div><\/div><\/div><\/div><\/div><\/div><\/div><div class=\"w-separator size_large\"><\/div><\/div><\/div><\/div><\/div><\/div><\/section><section class=\"l-section wpb_row height_large with_img parallax_ver\"><div class=\"l-section-img\" role=\"img\" aria-label=\"mi-noi\" data-img-width=\"1284\" data-img-height=\"718\" style=\"background-image: url(https:\/\/www.mi-noi.be\/club-libertin\/wp-content\/uploads\/2016\/08\/minoi-bg.jpg);background-position: top center;background-repeat: no-repeat;background-size: contain;\"><\/div><div class=\"l-section-overlay\" style=\"background:rgba(0,0,0,0.65)\"><\/div><div class=\"l-section-h i-cf\"><div class=\"g-cols vc_row via_flex valign_top type_default stacking_default\"><div class=\"vc_col-sm-12 wpb_column vc_column_container\"><div class=\"vc_column-inner\"><div class=\"wpb_wrapper\"><div class=\"wpb_text_column\"><div class=\"wpb_wrapper\"><h2 style=\"text-align: center;\">Vous avez une autre question\u00a0:<\/h2>\n<p id=\"tw-target-text\" class=\"tw-data-text vk_txt tw-ta tw-text-medium\" dir=\"ltr\" style=\"text-align: center;\" data-placeholder=\"Traduction\"><span lang=\"fr\">Voici plusieurs fa\u00e7ons de nous contacter<\/span><\/p>\n<\/div><\/div><div class=\"w-separator size_small\"><\/div><div class=\"g-cols wpb_row via_flex valign_top type_default stacking_default\"><div class=\"vc_col-sm-6 wpb_column vc_column_container\"><div class=\"vc_column-inner\"><div class=\"wpb_wrapper\"><div class=\"w-iconbox iconpos_top style_default color_primary align_center\"><a href=\"mailto:contact@mi-noi.be\" class=\"w-iconbox-link\" aria-label=\"Envoyez-nous un mail !\"><div class=\"w-iconbox-icon\" style=\"font-size:48px;\"><i class=\"fas fa-envelope\"><\/i><\/div><\/a><div class=\"w-iconbox-meta\"><h4 class=\"w-iconbox-title\"><a href=\"mailto:contact@mi-noi.be\" class=\"w-iconbox-link\" aria-label=\"Envoyez-nous un mail !\">Envoyez-nous un mail !<\/a><\/h4><div class=\"w-iconbox-text\"><p>Mail :<br \/>\ncontact@mi-noi.be<\/p>\n<\/div><\/div><\/div><\/div><\/div><\/div><div class=\"vc_col-sm-6 wpb_column vc_column_container\"><div class=\"vc_column-inner\"><div class=\"wpb_wrapper\"><div class=\"w-iconbox iconpos_top style_default color_primary align_center\"><div class=\"w-iconbox-icon\" style=\"font-size:48px;\"><i class=\"fas fa-phone\"><\/i><\/div><div class=\"w-iconbox-meta\"><h4 class=\"w-iconbox-title\">T\u00e9l\u00e9phonez-nous !<\/h4><div class=\"w-iconbox-text\"><p>T\u00e9l : (0032) (0) 69 55 92 01<br \/>\nGSM : (0032)(0)478 55 98 63<\/p>\n<\/div><\/div><\/div><\/div><\/div><\/div><\/div><\/div><\/div><\/div><\/div><\/div><\/section>\n","protected":false},"excerpt":{"rendered":"UNE QUESTION SUR LE MI-NOI ? Que comprend le prix d\u2019entr\u00e9e ?C\u2019est un forfait pour la journ\u00e9e \/ soir\u00e9e. Inclus\u00a0: les boissons, le buffet chaud et froid \u00e0 volont\u00e9, l\u2019ambiance discoth\u00e8que en soir\u00e9e, les coins c\u00e2lins, un sauna, un jacuzzi ainsi que l\u2019ensemble des animations ou spectacles qui vous sont propos\u00e9s chaque jour et week-end....","protected":false},"author":2,"featured_media":0,"parent":0,"menu_order":0,"comment_status":"closed","ping_status":"open","template":"","meta":{"footnotes":""},"class_list":["post-2508","page","type-page","status-publish","hentry"],"yoast_head":"<!-- This site is optimized with the Yoast SEO plugin v27.5 - https:\/\/yoast.com\/product\/yoast-seo-wordpress\/ -->\n<title>Question - FAQ &#8211; Mi-noi<\/title>\n<meta name=\"description\" content=\"Vous avez une question ? Trouvez ici les questions les plus fr\u00e9quemments pos\u00e9es \u00e0 propos du Mi-noi ou posez nous votre question.\" \/>\n<meta name=\"robots\" content=\"index, follow, max-snippet:-1, max-image-preview:large, max-video-preview:-1\" \/>\n<link rel=\"canonical\" href=\"https:\/\/www.mi-noi.be\/club-libertin\/faq-page\/\" \/>\n<meta property=\"og:locale\" content=\"fr_FR\" \/>\n<meta property=\"og:type\" content=\"article\" \/>\n<meta property=\"og:title\" content=\"Question - FAQ &#8211; Mi-noi\" \/>\n<meta property=\"og:description\" content=\"Vous avez une question ? Trouvez ici les questions les plus fr\u00e9quemments pos\u00e9es \u00e0 propos du Mi-noi ou posez nous votre question.\" \/>\n<meta property=\"og:url\" content=\"https:\/\/www.mi-noi.be\/club-libertin\/faq-page\/\" \/>\n<meta property=\"og:site_name\" content=\"Mi-noi\" \/>\n<meta property=\"article:modified_time\" content=\"2020-11-11T09:18:34+00:00\" \/>\n<meta name=\"twitter:card\" content=\"summary_large_image\" \/>\n<meta name=\"twitter:label1\" content=\"Dur\u00e9e de lecture estim\u00e9e\" \/>\n\t<meta name=\"twitter:data1\" content=\"3 minutes\" \/>\n<script type=\"application\/ld+json\" class=\"yoast-schema-graph\">{\"@context\":\"https:\\\/\\\/schema.org\",\"@graph\":[{\"@type\":\"WebPage\",\"@id\":\"https:\\\/\\\/www.mi-noi.be\\\/club-libertin\\\/faq-page\\\/\",\"url\":\"https:\\\/\\\/www.mi-noi.be\\\/club-libertin\\\/faq-page\\\/\",\"name\":\"Question - FAQ &#8211; Mi-noi\",\"isPartOf\":{\"@id\":\"https:\\\/\\\/www.mi-noi.be\\\/club-libertin\\\/#website\"},\"datePublished\":\"2013-12-16T19:45:19+00:00\",\"dateModified\":\"2020-11-11T09:18:34+00:00\",\"description\":\"Vous avez une question ? Trouvez ici les questions les plus fr\u00e9quemments pos\u00e9es \u00e0 propos du Mi-noi ou posez nous votre question.\",\"breadcrumb\":{\"@id\":\"https:\\\/\\\/www.mi-noi.be\\\/club-libertin\\\/faq-page\\\/#breadcrumb\"},\"inLanguage\":\"fr-FR\",\"potentialAction\":[{\"@type\":\"ReadAction\",\"target\":[\"https:\\\/\\\/www.mi-noi.be\\\/club-libertin\\\/faq-page\\\/\"]}]},{\"@type\":\"BreadcrumbList\",\"@id\":\"https:\\\/\\\/www.mi-noi.be\\\/club-libertin\\\/faq-page\\\/#breadcrumb\",\"itemListElement\":[{\"@type\":\"ListItem\",\"position\":1,\"name\":\"Accueil\",\"item\":\"https:\\\/\\\/www.mi-noi.be\\\/club-libertin\\\/\"},{\"@type\":\"ListItem\",\"position\":2,\"name\":\"Question &#8211; FAQ\"}]},{\"@type\":\"WebSite\",\"@id\":\"https:\\\/\\\/www.mi-noi.be\\\/club-libertin\\\/#website\",\"url\":\"https:\\\/\\\/www.mi-noi.be\\\/club-libertin\\\/\",\"name\":\"Mi-no\u00ef\",\"description\":\"Le club libertin\",\"publisher\":{\"@id\":\"https:\\\/\\\/www.mi-noi.be\\\/club-libertin\\\/#organization\"},\"alternateName\":\"Minoi\",\"potentialAction\":[{\"@type\":\"SearchAction\",\"target\":{\"@type\":\"EntryPoint\",\"urlTemplate\":\"https:\\\/\\\/www.mi-noi.be\\\/club-libertin\\\/?s={search_term_string}\"},\"query-input\":{\"@type\":\"PropertyValueSpecification\",\"valueRequired\":true,\"valueName\":\"search_term_string\"}}],\"inLanguage\":\"fr-FR\"},{\"@type\":\"Organization\",\"@id\":\"https:\\\/\\\/www.mi-noi.be\\\/club-libertin\\\/#organization\",\"name\":\"Mi-no\u00ef\",\"alternateName\":\"Minoi\",\"url\":\"https:\\\/\\\/www.mi-noi.be\\\/club-libertin\\\/\",\"logo\":{\"@type\":\"ImageObject\",\"inLanguage\":\"fr-FR\",\"@id\":\"https:\\\/\\\/www.mi-noi.be\\\/club-libertin\\\/#\\\/schema\\\/logo\\\/image\\\/\",\"url\":\"https:\\\/\\\/www.mi-noi.be\\\/club-libertin\\\/wp-content\\\/uploads\\\/2020\\\/06\\\/logo-mi-noi.svg\",\"contentUrl\":\"https:\\\/\\\/www.mi-noi.be\\\/club-libertin\\\/wp-content\\\/uploads\\\/2020\\\/06\\\/logo-mi-noi.svg\",\"width\":\"1024\",\"height\":\"1024\",\"caption\":\"Mi-no\u00ef\"},\"image\":{\"@id\":\"https:\\\/\\\/www.mi-noi.be\\\/club-libertin\\\/#\\\/schema\\\/logo\\\/image\\\/\"}}]}<\/script>\n<!-- \/ Yoast SEO plugin. -->","yoast_head_json":{"title":"Question - FAQ &#8211; Mi-noi","description":"Vous avez une question ? Trouvez ici les questions les plus fr\u00e9quemments pos\u00e9es \u00e0 propos du Mi-noi ou posez nous votre question.","robots":{"index":"index","follow":"follow","max-snippet":"max-snippet:-1","max-image-preview":"max-image-preview:large","max-video-preview":"max-video-preview:-1"},"canonical":"https:\/\/www.mi-noi.be\/club-libertin\/faq-page\/","og_locale":"fr_FR","og_type":"article","og_title":"Question - FAQ &#8211; Mi-noi","og_description":"Vous avez une question ? Trouvez ici les questions les plus fr\u00e9quemments pos\u00e9es \u00e0 propos du Mi-noi ou posez nous votre question.","og_url":"https:\/\/www.mi-noi.be\/club-libertin\/faq-page\/","og_site_name":"Mi-noi","article_modified_time":"2020-11-11T09:18:34+00:00","twitter_card":"summary_large_image","twitter_misc":{"Dur\u00e9e de lecture estim\u00e9e":"3 minutes"},"schema":{"@context":"https:\/\/schema.org","@graph":[{"@type":"WebPage","@id":"https:\/\/www.mi-noi.be\/club-libertin\/faq-page\/","url":"https:\/\/www.mi-noi.be\/club-libertin\/faq-page\/","name":"Question - FAQ &#8211; Mi-noi","isPartOf":{"@id":"https:\/\/www.mi-noi.be\/club-libertin\/#website"},"datePublished":"2013-12-16T19:45:19+00:00","dateModified":"2020-11-11T09:18:34+00:00","description":"Vous avez une question ? Trouvez ici les questions les plus fr\u00e9quemments pos\u00e9es \u00e0 propos du Mi-noi ou posez nous votre question.","breadcrumb":{"@id":"https:\/\/www.mi-noi.be\/club-libertin\/faq-page\/#breadcrumb"},"inLanguage":"fr-FR","potentialAction":[{"@type":"ReadAction","target":["https:\/\/www.mi-noi.be\/club-libertin\/faq-page\/"]}]},{"@type":"BreadcrumbList","@id":"https:\/\/www.mi-noi.be\/club-libertin\/faq-page\/#breadcrumb","itemListElement":[{"@type":"ListItem","position":1,"name":"Accueil","item":"https:\/\/www.mi-noi.be\/club-libertin\/"},{"@type":"ListItem","position":2,"name":"Question &#8211; FAQ"}]},{"@type":"WebSite","@id":"https:\/\/www.mi-noi.be\/club-libertin\/#website","url":"https:\/\/www.mi-noi.be\/club-libertin\/","name":"Mi-no\u00ef","description":"Le club libertin","publisher":{"@id":"https:\/\/www.mi-noi.be\/club-libertin\/#organization"},"alternateName":"Minoi","potentialAction":[{"@type":"SearchAction","target":{"@type":"EntryPoint","urlTemplate":"https:\/\/www.mi-noi.be\/club-libertin\/?s={search_term_string}"},"query-input":{"@type":"PropertyValueSpecification","valueRequired":true,"valueName":"search_term_string"}}],"inLanguage":"fr-FR"},{"@type":"Organization","@id":"https:\/\/www.mi-noi.be\/club-libertin\/#organization","name":"Mi-no\u00ef","alternateName":"Minoi","url":"https:\/\/www.mi-noi.be\/club-libertin\/","logo":{"@type":"ImageObject","inLanguage":"fr-FR","@id":"https:\/\/www.mi-noi.be\/club-libertin\/#\/schema\/logo\/image\/","url":"https:\/\/www.mi-noi.be\/club-libertin\/wp-content\/uploads\/2020\/06\/logo-mi-noi.svg","contentUrl":"https:\/\/www.mi-noi.be\/club-libertin\/wp-content\/uploads\/2020\/06\/logo-mi-noi.svg","width":"1024","height":"1024","caption":"Mi-no\u00ef"},"image":{"@id":"https:\/\/www.mi-noi.be\/club-libertin\/#\/schema\/logo\/image\/"}}]}},"_links":{"self":[{"href":"https:\/\/www.mi-noi.be\/club-libertin\/wp-json\/wp\/v2\/pages\/2508","targetHints":{"allow":["GET"]}}],"collection":[{"href":"https:\/\/www.mi-noi.be\/club-libertin\/wp-json\/wp\/v2\/pages"}],"about":[{"href":"https:\/\/www.mi-noi.be\/club-libertin\/wp-json\/wp\/v2\/types\/page"}],"author":[{"embeddable":true,"href":"https:\/\/www.mi-noi.be\/club-libertin\/wp-json\/wp\/v2\/users\/2"}],"replies":[{"embeddable":true,"href":"https:\/\/www.mi-noi.be\/club-libertin\/wp-json\/wp\/v2\/comments?post=2508"}],"version-history":[{"count":14,"href":"https:\/\/www.mi-noi.be\/club-libertin\/wp-json\/wp\/v2\/pages\/2508\/revisions"}],"predecessor-version":[{"id":10475,"href":"https:\/\/www.mi-noi.be\/club-libertin\/wp-json\/wp\/v2\/pages\/2508\/revisions\/10475"}],"wp:attachment":[{"href":"https:\/\/www.mi-noi.be\/club-libertin\/wp-json\/wp\/v2\/media?parent=2508"}],"curies":[{"name":"wp","href":"https:\/\/api.w.org\/{rel}","templated":true}]}}